{"id":152,"date":"2025-02-14T16:49:55","date_gmt":"2025-02-14T16:49:55","guid":{"rendered":"https:\/\/pedagogiecsstl.ca\/ccq\/?page_id=152"},"modified":"2025-04-23T12:01:27","modified_gmt":"2025-04-23T12:01:27","slug":"litterature-jeunesse","status":"publish","type":"page","link":"https:\/\/pedagogiecsstl.ca\/ccq\/litterature-jeunesse\/","title":{"rendered":"Litt\u00e9rature Jeunesse"},"content":{"rendered":"\n<h1>\n\t\tLitt\u00e9rature jeunesse\n\t<\/h1>\n\t<p>Utiliser la litt\u00e9rature jeunesse en CCQ pour explorer diff\u00e9rentes r\u00e9alit\u00e9s culturelles!<\/p>\n<h2>\n\t\tSites de r\u00e9f\u00e9rences\n\t<\/h2>\n\t\t\t\t<a href=\"https:\/\/constellations.education.gouv.qc.ca\/\" target=\"_blank\" rel=\"noopener\">\n\t\t\t\t<img loading=\"lazy\" decoding=\"async\" src=\"https:\/\/media.pedagogiecsstl.ca\/wp-content\/uploads\/sites\/7\/2025\/04\/16155452\/ConstellationsOpenGraph1080x1080-300x300-1.jpg\" alt=\"ConstellationsOpenGraph1080x1080-300x300\" height=\"300\" width=\"300\" title=\"ConstellationsOpenGraph1080x1080-300x300\" \/>\n\t\t\t\t<\/a>\n\t<p><strong>Constellations<\/strong><\/p>\n<p>Site de d\u00e9veloppement p\u00e9dagogique, con\u00e7u et produit par la Direction des programmes d&rsquo;\u00e9tudes en formation g\u00e9n\u00e9rale des jeunes (DPEFGJ) du minist\u00e8re de l&rsquo;\u00c9ducation. Il vise \u00e0 d\u00e9velopper le go\u00fbt de lire ainsi que des habitudes durables de lecture chez les jeunes. Constellations est une s\u00e9lection de livres vari\u00e9s, mise \u00e0 jour r\u00e9guli\u00e8rement. C&rsquo;est aussi un laboratoire proposant des pistes p\u00e9dagogiques.<\/p>\n\t\t\t\t<a href=\"https:\/\/csstl.biblius.ca\/\" target=\"_blank\" rel=\"noopener\">\n\t\t\t\t<img loading=\"lazy\" decoding=\"async\" src=\"https:\/\/media.pedagogiecsstl.ca\/wp-content\/uploads\/sites\/7\/2025\/04\/16155450\/Biblus-300x193.png\" alt=\"Biblus\" height=\"193\" width=\"300\" title=\"Biblus\" \/>\n\t\t\t\t<\/a>\n\t<p><strong>Biblius<\/strong><\/p>\n<p>Site d&rsquo;information qui se veut aussi une vitrine pour la diffusion et le partage de mat\u00e9riel visant \u00e0 soutenir l&rsquo;action des biblioth\u00e8ques scolaires dans le pr\u00eat et la m\u00e9diation des livres num\u00e9riques.<\/p>\n<p>Il offre un acc\u00e8s \u00e0 une foule d&rsquo;oeuvre en format num\u00e9rique afin de faciliter la pratique de la lecture en classe.<\/p>\n<p>Acc\u00e8s disponible \u00e9galement via Moza\u00efk Portail<\/p>\n\t\t\t\t<a href=\"https:\/\/enclasse.telequebec.tv\/recherche?filter=%5B%7B%22key%22%3A%22contentType%22%2C%22value%22%3A%22contentType%3ATrousse%20de%20litt%C3%A9rature%22%7D%5D&#038;topFilter=%22undefined%22&#038;page=1\" target=\"_blank\" rel=\"noopener\">\n\t\t\t\t<img loading=\"lazy\" decoding=\"async\" src=\"https:\/\/media.pedagogiecsstl.ca\/wp-content\/uploads\/sites\/7\/2025\/04\/16121750\/1200x630-300x158.png\" alt=\"1200x630\" height=\"158\" width=\"300\" title=\"1200x630\" \/>\n\t\t\t\t<\/a>\n\t<p><strong>T\u00e9l\u00e9-Qu\u00e9bec en classe<\/strong><\/p>\n<p>Site qui offre aux professionnels de l&rsquo;\u00e9ducation et aux \u00e9l\u00e8ves une vaste s\u00e9lection de contenus pertinents et libres de publicit\u00e9: des vid\u00e9os, des productions originales exclusives, des balados, des jeux, et des trousses de litt\u00e9rature interactives pour le TNI.<\/p>\n<p>Dans le but de soutenir le personnel enseignant et de valoriser les pratiques efficaces en enseignement, certains contenus proposent des pistes ou des guides p\u00e9dagogiques offrant des suggestions pour leur utilisation en classe.<\/p>\n  \n  \n<a href=\"https:&#x2F;&#x2F;www.canva.com&#x2F;design&#x2F;DAGk0XvNDVA&#x2F;OxaSr9dTB2NWHENGIRp9Aw&#x2F;view?utm_content=DAGk0XvNDVA&amp;utm_campaign=designshare&amp;utm_medium=embeds&amp;utm_source=link\" target=\"_blank\" rel=\"noopener\">\n\t<p>Comment int\u00e9grer la litt\u00e9rature jeunesse en CCQ?<\/p>\n\t<p><a href=\"https:\/\/www.canva.com\/design\/DAGk0XvNDVA\/OxaSr9dTB2NWHENGIRp9Aw\/view?utm_content=DAGk0XvNDVA&amp;utm_campaign=designshare&amp;utm_medium=link2&amp;utm_source=uniquelinks&amp;utlId=h2db2178888\" target=\"_blank\" rel=\"noopener\">En plus de cette pr\u00e9sentation Canva, voici d&rsquo;autres ressources qui pourraient vous supporter dans votre r\u00e9flexion:<\/a><\/p>\n\t<ul>\n<li><a href=\"https:\/\/www.youtube.com\/watch?v=IJroHZRdOuo\" target=\"_blank\" rel=\"noopener\">Capsule Travailler la litt\u00e9rature jeunesse en CCQ &#8211; Partie 1<\/a><\/li>\n<li><a href=\"https:\/\/www.youtube.com\/watch?v=ZfvFgWoBCbg&amp;t=3s\" target=\"_blank\" rel=\"noopener\">Capsule Travailler la litt\u00e9rature jeunesse en CCQ &#8211; Partie 2<\/a><\/li>\n<li><a href=\"https:\/\/drive.google.com\/drive\/folders\/1UW_8-qGxvYaotHjPxIRB9e9mFRZ0N7is\" target=\"_blank\" rel=\"noopener\">Canevas de planification (et autres ressources utiles pour la litt\u00e9rature jeunesse)<\/a><\/li>\n<li><a href=\"https:\/\/drive.google.com\/file\/d\/1-HLvf7h0m5JCVFtXzVuXruccOPQIVju2\/view\" target=\"_blank\" rel=\"noopener\">Affiche pour aider \u00e0 choisir et \u00e0 aborder des oeuvres en lien avec les cultures autochtones<\/a><\/li>\n<\/ul>\n<h2>\n\t\tR\u00e9pertoires en litt\u00e9rature jeunesse\n\t<\/h2>\n\t<p>Ces r\u00e9pertoires ont \u00e9t\u00e9 produits par diff\u00e9rents CSS ou par des organismes divers. Ils peuvent servir de pistes de r\u00e9flexion ou de r\u00e9f\u00e9rence.<\/p>\n<p>Pour avoir acc\u00e8s aux dossiers, vous devez \u00eatre connect\u00e9s avec votre adresse du CSSTL.<\/p>\n\t\t\t\t<\/a><a href=\"https:\/\/cstroislacs.sharepoint.com\/:f:\/s\/CRCCQPrimaire\/Em0LyKlCnxBKjrQu8Joq4nABR1bBByLzdU50HZ12QO6VQw?e=QBnbDb\" target=\"_self\">\n\t\t\t\t<img loading=\"lazy\" decoding=\"async\" src=\"https:\/\/media.pedagogiecsstl.ca\/wp-content\/uploads\/sites\/7\/2025\/04\/16192239\/Menus-Site-web-CCQ-6.png\" alt=\"Menus Site web CCQ (6)\" height=\"1080\" width=\"1080\" title=\"Menus Site web CCQ (6)\" \/>\n\t\t\t\t<\/a>\n\t<strong>Primaire<br \/>\n<\/strong>\n\t\t\t\t<a href=\"https:\/\/cstroislacs.sharepoint.com\/:b:\/r\/sites\/CR-CSSTL\/Documents%20partages\/General\/Litt%C3%A9rature%20CCQ%20secondaire%20-%20liste%20officielle.docx.pdf?csf=1&#038;web=1&#038;e=63fv7s\" download target=\"_blank\" rel=\"noopener\">\n\t\t\t\t<img loading=\"lazy\" decoding=\"async\" src=\"https:\/\/media.pedagogiecsstl.ca\/wp-content\/uploads\/sites\/7\/2025\/04\/16192242\/Menus-Site-web-CCQ-5.png\" alt=\"Menus Site web CCQ (5)\" height=\"1080\" width=\"1080\" title=\"Menus Site web CCQ (5)\" \/>\n\t\t\t\t<\/a>\n\t<strong>Secondaire<br \/>\n<\/strong>\n\n","protected":false},"excerpt":{"rendered":"<p>Litt\u00e9rature jeunesse Utiliser la litt\u00e9rature jeunesse en CCQ pour explorer diff\u00e9rentes r\u00e9alit\u00e9s culturelles! Sites de r\u00e9f\u00e9rences Constellations Site de d\u00e9veloppement p\u00e9dagogique, con\u00e7u et produit par la Direction des programmes d&rsquo;\u00e9tudes en formation g\u00e9n\u00e9rale des jeunes (DPEFGJ) du minist\u00e8re de l&rsquo;\u00c9ducation. Il vise \u00e0 d\u00e9velopper le go\u00fbt de lire ainsi que des habitudes durables de lecture&hellip;<\/p>\n","protected":false},"author":20,"featured_media":0,"parent":0,"menu_order":0,"comment_status":"closed","ping_status":"closed","template":"","meta":{"footnotes":""},"class_list":["post-152","page","type-page","status-publish","hentry"],"featured_image_src":null,"featured_image_src_square":null,"_links":{"self":[{"href":"https:\/\/pedagogiecsstl.ca\/ccq\/wp-json\/wp\/v2\/pages\/152","targetHints":{"allow":["GET"]}}],"collection":[{"href":"https:\/\/pedagogiecsstl.ca\/ccq\/wp-json\/wp\/v2\/pages"}],"about":[{"href":"https:\/\/pedagogiecsstl.ca\/ccq\/wp-json\/wp\/v2\/types\/page"}],"author":[{"embeddable":true,"href":"https:\/\/pedagogiecsstl.ca\/ccq\/wp-json\/wp\/v2\/users\/20"}],"replies":[{"embeddable":true,"href":"https:\/\/pedagogiecsstl.ca\/ccq\/wp-json\/wp\/v2\/comments?post=152"}],"version-history":[{"count":0,"href":"https:\/\/pedagogiecsstl.ca\/ccq\/wp-json\/wp\/v2\/pages\/152\/revisions"}],"wp:attachment":[{"href":"https:\/\/pedagogiecsstl.ca\/ccq\/wp-json\/wp\/v2\/media?parent=152"}],"curies":[{"name":"wp","href":"https:\/\/api.w.org\/{rel}","templated":true}]}}