{"id":116,"date":"2025-11-14T15:17:19","date_gmt":"2025-11-14T15:17:19","guid":{"rendered":"https:\/\/pedagogiecsstl.ca\/defsensorielle\/?page_id=116"},"modified":"2026-04-22T18:54:24","modified_gmt":"2026-04-22T18:54:24","slug":"formation","status":"publish","type":"page","link":"https:\/\/pedagogiecsstl.ca\/defsensorielle\/formation\/","title":{"rendered":"Formations"},"content":{"rendered":"\n<h2>\n\t\t\tFormations\t<\/h2>\n\t\n\t<p>Cette section propose une s\u00e9rie de formations pour mieux comprendre la r\u00e9alit\u00e9 des \u00e9l\u00e8ves pr\u00e9sentant une d\u00e9ficience sensorielle, qu&rsquo;il s&rsquo;agisse d&rsquo;une d\u00e9ficience visuelle ou d&rsquo;une surdit\u00e9. Vous y d\u00e9couvrirez \u00e9galement des strat\u00e9gies concr\u00e8tes et applicables au quotidien afin de favoriser leur participation et soutenir leurs apprentissages.<\/p>\n<h2>\n\t\t\tFormations initiales\t<\/h2>\n  \n  \n<a href=\"https:&#x2F;&#x2F;www.canva.com&#x2F;design&#x2F;DAG2JoquJ7c&#x2F;FIRIplJMde20SGgbllOyQw&#x2F;view?utm_content=DAG2JoquJ7c&amp;utm_campaign=designshare&amp;utm_medium=embeds&amp;utm_source=link\" target=\"_blank\" rel=\"noopener\">Accueillir un \u00e9l\u00e8ve &#8211; surdit\u00e9<\/a> par Chlo\u00e9 Berthelette Lachance\n  \n  \n<a href=\"https:&#x2F;&#x2F;www.canva.com&#x2F;design&#x2F;DAG2dL4RgaE&#x2F;qsVMvdjCbQTgf3ronHhPww&#x2F;view?utm_content=DAG2dL4RgaE&amp;utm_campaign=designshare&amp;utm_medium=embeds&amp;utm_source=link\" target=\"_blank\" rel=\"noopener\">Accueillir un \u00e9l\u00e8ve &#8211; d\u00e9ficience visuelle<\/a> par Chlo\u00e9 Berthelette Lachance\n<h2>\n\t\t\tFormation pour les enseignants sp\u00e9cialistes\t<\/h2>\n\t<p>Section en construction<\/p>\n<h2>\n\t\t\tFormation pour le personnel de soutien\t<\/h2>\n\t<p>Section en construction<\/p>\n<h2>\n\t\t\tFormations offertes par nos partenaires\t<\/h2>\n\t<p>Section en construction<\/p>\n\n","protected":false},"excerpt":{"rendered":"<p>Formations Cette section propose une s\u00e9rie de formations pour mieux comprendre la r\u00e9alit\u00e9 des \u00e9l\u00e8ves pr\u00e9sentant une d\u00e9ficience sensorielle, qu&rsquo;il s&rsquo;agisse d&rsquo;une d\u00e9ficience visuelle ou d&rsquo;une surdit\u00e9. Vous y d\u00e9couvrirez \u00e9galement des strat\u00e9gies concr\u00e8tes et applicables au quotidien afin de favoriser leur participation et soutenir leurs apprentissages. Formations initiales Accueillir un \u00e9l\u00e8ve &#8211; surdit\u00e9 par&hellip;<\/p>\n","protected":false},"author":53,"featured_media":0,"parent":0,"menu_order":0,"comment_status":"closed","ping_status":"closed","template":"","meta":{"footnotes":""},"class_list":["post-116","page","type-page","status-publish","hentry"],"featured_image_src":null,"featured_image_src_square":null,"_links":{"self":[{"href":"https:\/\/pedagogiecsstl.ca\/defsensorielle\/wp-json\/wp\/v2\/pages\/116","targetHints":{"allow":["GET"]}}],"collection":[{"href":"https:\/\/pedagogiecsstl.ca\/defsensorielle\/wp-json\/wp\/v2\/pages"}],"about":[{"href":"https:\/\/pedagogiecsstl.ca\/defsensorielle\/wp-json\/wp\/v2\/types\/page"}],"author":[{"embeddable":true,"href":"https:\/\/pedagogiecsstl.ca\/defsensorielle\/wp-json\/wp\/v2\/users\/53"}],"replies":[{"embeddable":true,"href":"https:\/\/pedagogiecsstl.ca\/defsensorielle\/wp-json\/wp\/v2\/comments?post=116"}],"version-history":[{"count":0,"href":"https:\/\/pedagogiecsstl.ca\/defsensorielle\/wp-json\/wp\/v2\/pages\/116\/revisions"}],"wp:attachment":[{"href":"https:\/\/pedagogiecsstl.ca\/defsensorielle\/wp-json\/wp\/v2\/media?parent=116"}],"curies":[{"name":"wp","href":"https:\/\/api.w.org\/{rel}","templated":true}]}}