{"id":33,"date":"2023-06-13T14:21:27","date_gmt":"2023-06-13T14:21:27","guid":{"rendered":"https:\/\/pedagogiecsstl.wpengine.com\/?page_id=33"},"modified":"2026-03-12T20:58:21","modified_gmt":"2026-03-12T20:58:21","slug":"accueil","status":"publish","type":"page","link":"https:\/\/pedagogiecsstl.ca\/defsensorielle\/","title":{"rendered":"Accueil"},"content":{"rendered":"\n<h2>\n\t\t\tService de d\u00e9ficience sensorielle\t<\/h2>\n<figure>\n\t\t\t\t<img decoding=\"async\" src=\"https:\/\/media.pedagogiecsstl.ca\/wp-content\/uploads\/sites\/44\/2025\/12\/16135754\/Photo-Steph-pour-formation-et-offred-e-service-600x600.jpg\" alt=\"Photo Steph pour formation et offred e service\" height=\"600\" width=\"600\" title=\"Photo Steph pour formation et offred e service\" loading=\"lazy\" \/>\n\t<\/figure>\n\n<figure>\n\t\t\t\t<img decoding=\"async\" src=\"https:\/\/media.pedagogiecsstl.ca\/wp-content\/uploads\/sites\/44\/2025\/12\/16140307\/Chloe-600x600.jpg\" alt=\"Chlo\u00e9\" height=\"600\" width=\"600\" title=\"Chlo\u00e9\" loading=\"lazy\" \/>\n\t<\/figure>\n\t<p><strong>St\u00e9phanie Dumoulin<\/strong><\/p>\n<p>Enseignante-orthop\u00e9dagogue<\/p>\n<p>Personne d\u00e9sign\u00e9e en d\u00e9ficience visuelle<\/p>\n<p>&nbsp;<\/p>\n\t<p><strong>Chlo\u00e9 Berthelette Lachance\u00a0<\/strong><\/p>\n<p>Orthophoniste scolaire<\/p>\n<p>&nbsp;<\/p>\n\t<p>Nous sommes deux intervenantes qui \u0153uvrent dans les \u00e9coles primaires et secondaires du Centre de services scolaire des Trois-Lacs afin de soutenir les \u00e9l\u00e8ves pr\u00e9sentant une surdit\u00e9 ou une d\u00e9ficience visuelle. Notre r\u00f4le est d&rsquo;offrir un soutien individualis\u00e9 et de collaborer avec les \u00e9quipes-\u00e9coles \u00e0 l&rsquo;\u00e9laboration de strat\u00e9gies adapt\u00e9es, favorisant ainsi la r\u00e9ussite et l&rsquo;inclusion de chacun. Ensemble, nous travaillons \u00e0 cr\u00e9er un environnement accessible et stimulant, o\u00f9 chaque \u00e9l\u00e8ve peut d\u00e9velopper son plein potentiel.<\/p>\n\t\t\t<button type=\"button\">\n\t\t\t\t\t\tNous joindre\n\t\t\t\t\t<\/button>\n  \n  \n<a href=\"https:&#x2F;&#x2F;www.canva.com&#x2F;design&#x2F;DAG7uYHznjw&#x2F;ZNTYGM_fk9K5Gp7dJUr7vQ&#x2F;view?utm_content=DAG7uYHznjw&amp;utm_campaign=designshare&amp;utm_medium=embeds&amp;utm_source=link\" target=\"_blank\" rel=\"noopener\">stephanie.dumoulin@csstl.gouv.qc.ca<\/a> par Chlo\u00e9 Berthelette Lachance\t\t\n\t\t\t<button type=\"button\">\n\t\t\t\t\t\tOffre de services\n\t\t\t\t\t<\/button>\n  \n  \n<a href=\"https:&#x2F;&#x2F;www.canva.com&#x2F;design&#x2F;DAGqPI1jRgk&#x2F;omn74QIPLuKlMsp_hrKK2g&#x2F;view?utm_content=DAGqPI1jRgk&amp;utm_campaign=designshare&amp;utm_medium=embeds&amp;utm_source=link\" target=\"_blank\" rel=\"noopener\">Offre service D\u00e9ficience sensorielle 2025-2026<\/a> par St\u00e9phanie Dumoulin\t\t\n\t\t\t<button type=\"button\">\n\t\t\t\t\t\tPartenaires\n\t\t\t\t\t<\/button>\n  \n  \n<a href=\"https:&#x2F;&#x2F;www.canva.com&#x2F;design&#x2F;DAG3xCb73wk&#x2F;q-b6ykEZ3uswzCcu6DPW1Q&#x2F;view?utm_content=DAG3xCb73wk&amp;utm_campaign=designshare&amp;utm_medium=embeds&amp;utm_source=link\" target=\"_blank\" rel=\"noopener\">Partenaires d\u00e9ficience sensorielle<\/a> par Chlo\u00e9 Berthelette Lachance\t\t\n\n","protected":false},"excerpt":{"rendered":"<p>Service de d\u00e9ficience sensorielle St\u00e9phanie Dumoulin Enseignante-orthop\u00e9dagogue Personne d\u00e9sign\u00e9e en d\u00e9ficience visuelle &nbsp; Chlo\u00e9 Berthelette Lachance\u00a0 Orthophoniste scolaire &nbsp; Nous sommes deux intervenantes qui \u0153uvrent dans les \u00e9coles primaires et secondaires du Centre de services scolaire des Trois-Lacs afin de soutenir les \u00e9l\u00e8ves pr\u00e9sentant une surdit\u00e9 ou une d\u00e9ficience visuelle. Notre r\u00f4le est d&rsquo;offrir un&hellip;<\/p>\n","protected":false},"author":1,"featured_media":0,"parent":0,"menu_order":0,"comment_status":"closed","ping_status":"closed","template":"","meta":{"footnotes":""},"class_list":["post-33","page","type-page","status-publish","hentry"],"featured_image_src":null,"featured_image_src_square":null,"_links":{"self":[{"href":"https:\/\/pedagogiecsstl.ca\/defsensorielle\/wp-json\/wp\/v2\/pages\/33","targetHints":{"allow":["GET"]}}],"collection":[{"href":"https:\/\/pedagogiecsstl.ca\/defsensorielle\/wp-json\/wp\/v2\/pages"}],"about":[{"href":"https:\/\/pedagogiecsstl.ca\/defsensorielle\/wp-json\/wp\/v2\/types\/page"}],"author":[{"embeddable":true,"href":"https:\/\/pedagogiecsstl.ca\/defsensorielle\/wp-json\/wp\/v2\/users\/1"}],"replies":[{"embeddable":true,"href":"https:\/\/pedagogiecsstl.ca\/defsensorielle\/wp-json\/wp\/v2\/comments?post=33"}],"version-history":[{"count":0,"href":"https:\/\/pedagogiecsstl.ca\/defsensorielle\/wp-json\/wp\/v2\/pages\/33\/revisions"}],"wp:attachment":[{"href":"https:\/\/pedagogiecsstl.ca\/defsensorielle\/wp-json\/wp\/v2\/media?parent=33"}],"curies":[{"name":"wp","href":"https:\/\/api.w.org\/{rel}","templated":true}]}}