{"id":136,"date":"2024-02-10T13:28:04","date_gmt":"2024-02-10T18:28:04","guid":{"rendered":"https:\/\/pedagogiecsstl.ca\/environnement\/?page_id=136"},"modified":"2024-02-10T18:49:02","modified_gmt":"2024-02-10T23:49:02","slug":"magazine-curium-les-debrouillards","status":"publish","type":"page","link":"https:\/\/pedagogiecsstl.ca\/environnement\/magazine-curium-les-debrouillards\/","title":{"rendered":"Magazine Curium (Les D\u00e9brouillards)"},"content":{"rendered":"\n<p><a href=\"https:\/\/environnement.mongroupe.ca\/\"><strong>\u00ab\u00a0Environnement\u00a0\u00bb un monde de solutions<\/strong><\/a><\/p>\n\n\n<div class=\"wp-block-image\">\n<figure class=\"aligncenter size-full\"><img loading=\"lazy\" decoding=\"async\" width=\"576\" height=\"121\" src=\"https:\/\/media.pedagogiecsstl.ca\/wp-content\/uploads\/sites\/25\/2024\/02\/10132630\/Image3.jpg\" alt=\"\" class=\"wp-image-137\" srcset=\"https:\/\/media.pedagogiecsstl.ca\/wp-content\/uploads\/sites\/25\/2024\/02\/10132630\/Image3.jpg 576w, https:\/\/media.pedagogiecsstl.ca\/wp-content\/uploads\/sites\/25\/2024\/02\/10132630\/Image3-300x63.jpg 300w\" sizes=\"auto, (max-width: 576px) 100vw, 576px\" \/><\/figure>\n<\/div>\n\n\n<p>Les publications BLD, soci\u00e9t\u00e9 \u00e9ditrice des magazines Les D\u00e9brouillards et Les Explorateurs,&nbsp;publient Curium, le premier magazine \u00ab science et soci\u00e9t\u00e9 \u00bb qu\u00e9b\u00e9cois destin\u00e9 aux adolescents.<\/p>\n\n\n\n<figure class=\"wp-block-image size-full\"><img loading=\"lazy\" decoding=\"async\" width=\"473\" height=\"270\" src=\"https:\/\/media.pedagogiecsstl.ca\/wp-content\/uploads\/sites\/25\/2024\/02\/10132631\/Image4.jpg\" alt=\"\" class=\"wp-image-138\" srcset=\"https:\/\/media.pedagogiecsstl.ca\/wp-content\/uploads\/sites\/25\/2024\/02\/10132631\/Image4.jpg 473w, https:\/\/media.pedagogiecsstl.ca\/wp-content\/uploads\/sites\/25\/2024\/02\/10132631\/Image4-300x171.jpg 300w\" sizes=\"auto, (max-width: 473px) 100vw, 473px\" \/><\/figure>\n\n\n\n<p><a href=\"https:\/\/curiummag.com\/une-evolution-pour-le-recyclage-du-plastique\/\"><\/a>Le magazine Curium, en collaboration avec les \u00e9l\u00e8ves de biologie 544 de l\u2019\u00e9cole secondaire Soulanges, pr\u00e9sente, une fois par mois, dans la partie \u00ab&nbsp;blogue lecteurs&nbsp;\u00bb de&nbsp;son site, la synth\u00e8se d\u2019un article provenant du site Web Environnement, un monde de solutions.<\/p>\n\n\n\n<p>Pour voir l\u2019article publi\u00e9 par Curium ce mois-ci,&nbsp;<a href=\"https:\/\/curiummag.com\/une-evolution-pour-le-recyclage-du-plastique\/\">cliquez ici<\/a>.<\/p>\n\n\n\n<p>Martin Legault<\/p>\n\n\n\n<p>Enseignant<\/p>\n\n\n\n<p>\u00c9cole secondaire Soulanges<\/p>\n","protected":false},"excerpt":{"rendered":"<p>\u00ab\u00a0Environnement\u00a0\u00bb un monde de solutions Les publications BLD, soci\u00e9t\u00e9 \u00e9ditrice des magazines Les D\u00e9brouillards et Les Explorateurs,&nbsp;publient Curium, le premier magazine \u00ab science et soci\u00e9t\u00e9 \u00bb qu\u00e9b\u00e9cois destin\u00e9 aux adolescents. Le magazine Curium, en collaboration avec les \u00e9l\u00e8ves de biologie 544 de l\u2019\u00e9cole secondaire Soulanges, pr\u00e9sente, une fois par mois, dans la partie \u00ab&nbsp;blogue lecteurs&nbsp;\u00bb&hellip;<\/p>\n","protected":false},"author":34,"featured_media":0,"parent":0,"menu_order":0,"comment_status":"closed","ping_status":"closed","template":"","meta":{"footnotes":""},"class_list":["post-136","page","type-page","status-publish","hentry"],"featured_image_src":null,"featured_image_src_square":null,"_links":{"self":[{"href":"https:\/\/pedagogiecsstl.ca\/environnement\/wp-json\/wp\/v2\/pages\/136","targetHints":{"allow":["GET"]}}],"collection":[{"href":"https:\/\/pedagogiecsstl.ca\/environnement\/wp-json\/wp\/v2\/pages"}],"about":[{"href":"https:\/\/pedagogiecsstl.ca\/environnement\/wp-json\/wp\/v2\/types\/page"}],"author":[{"embeddable":true,"href":"https:\/\/pedagogiecsstl.ca\/environnement\/wp-json\/wp\/v2\/users\/34"}],"replies":[{"embeddable":true,"href":"https:\/\/pedagogiecsstl.ca\/environnement\/wp-json\/wp\/v2\/comments?post=136"}],"version-history":[{"count":0,"href":"https:\/\/pedagogiecsstl.ca\/environnement\/wp-json\/wp\/v2\/pages\/136\/revisions"}],"wp:attachment":[{"href":"https:\/\/pedagogiecsstl.ca\/environnement\/wp-json\/wp\/v2\/media?parent=136"}],"curies":[{"name":"wp","href":"https:\/\/api.w.org\/{rel}","templated":true}]}}