{"id":140,"date":"2024-02-10T13:30:24","date_gmt":"2024-02-10T18:30:24","guid":{"rendered":"https:\/\/pedagogiecsstl.ca\/environnement\/?page_id=140"},"modified":"2024-12-20T09:37:39","modified_gmt":"2024-12-20T14:37:39","slug":"projet-artistique-verts-batims","status":"publish","type":"page","link":"https:\/\/pedagogiecsstl.ca\/environnement\/projet-artistique-verts-batims\/","title":{"rendered":"Projet artistique Verts-Batims"},"content":{"rendered":"\n<p>Dans le cadre du projet de \u00ab&nbsp;citoyennet\u00e9 culturelle jeunesse&nbsp;\u00bb propos\u00e9 par le&nbsp;<a href=\"https:\/\/www.artculturevs.ca\/\">Conseil des Arts et de la Culture de Vaudreuil-Soulanges<\/a>, cette oeuvre engag\u00e9e a \u00e9t\u00e9 imagin\u00e9e, con\u00e7ue et cr\u00e9\u00e9e par des \u00e9l\u00e8ves de l\u2019\u00e9cole secondaire Soulanges avec l\u2019espoir de changer le monde, \u00e0 notre mesure!<\/p>\n\n\n\n<figure class=\"wp-block-image size-large\"><a href=\"https:\/\/drive.google.com\/file\/d\/165f_Rb8Z4r0QK3tWCAsqoA89qUg70DET\/view?pli=1\"><img loading=\"lazy\" decoding=\"async\" width=\"1024\" height=\"576\" src=\"https:\/\/media.pedagogiecsstl.ca\/wp-content\/uploads\/sites\/25\/2024\/12\/20093043\/Verts-Batims-1024x576.jpg\" alt=\"\" class=\"wp-image-756\" srcset=\"https:\/\/media.pedagogiecsstl.ca\/wp-content\/uploads\/sites\/25\/2024\/12\/20093043\/Verts-Batims-1024x576.jpg 1024w, https:\/\/media.pedagogiecsstl.ca\/wp-content\/uploads\/sites\/25\/2024\/12\/20093043\/Verts-Batims-300x169.jpg 300w, https:\/\/media.pedagogiecsstl.ca\/wp-content\/uploads\/sites\/25\/2024\/12\/20093043\/Verts-Batims-768x432.jpg 768w, https:\/\/media.pedagogiecsstl.ca\/wp-content\/uploads\/sites\/25\/2024\/12\/20093043\/Verts-Batims-1536x864.jpg 1536w, https:\/\/media.pedagogiecsstl.ca\/wp-content\/uploads\/sites\/25\/2024\/12\/20093043\/Verts-Batims.jpg 1920w\" sizes=\"auto, (max-width: 1024px) 100vw, 1024px\" \/><\/a><\/figure>\n\n\n\n<p><strong>Merci \u00e0 S\u00e9bastien Roy, ing\u00e9nieur, cr\u00e9ateur, vid\u00e9omappeur et raconteur num\u00e9rique qui, par sa pr\u00e9cieuse collaboration et son talent, a permis, en liant Arts et Sciences, de donner vie \u00e0 cette oeuvre.<\/strong><\/p>\n\n\n\n<p><strong>Dessins, photos et vid\u00e9os<\/strong>&nbsp;: Coralie Boudreau, Caelan Fry, Daphn\u00e9e Laporte, Hanako Loyer-Monette, Camille Neault, Gabrielle Vaudrin.<\/p>\n\n\n\n<p><strong>Musique et ambiances sonores<\/strong>&nbsp;: Arianne Proulx et S\u00e9bastien Roy.<\/p>\n\n\n\n<p><strong>Coordination&nbsp;<\/strong>: Martin Legault, enseignant en sciences, \u00e9cole secondaire Soulanges.<\/p>\n\n\n\n<p><\/p>\n","protected":false},"excerpt":{"rendered":"<p>Dans le cadre du projet de \u00ab&nbsp;citoyennet\u00e9 culturelle jeunesse&nbsp;\u00bb propos\u00e9 par le&nbsp;Conseil des Arts et de la Culture de Vaudreuil-Soulanges, cette oeuvre engag\u00e9e a \u00e9t\u00e9 imagin\u00e9e, con\u00e7ue et cr\u00e9\u00e9e par des \u00e9l\u00e8ves de l\u2019\u00e9cole secondaire Soulanges avec l\u2019espoir de changer le monde, \u00e0 notre mesure! Merci \u00e0 S\u00e9bastien Roy, ing\u00e9nieur, cr\u00e9ateur, vid\u00e9omappeur et raconteur num\u00e9rique&hellip;<\/p>\n","protected":false},"author":34,"featured_media":0,"parent":0,"menu_order":0,"comment_status":"closed","ping_status":"closed","template":"","meta":{"footnotes":""},"class_list":["post-140","page","type-page","status-publish","hentry"],"featured_image_src":null,"featured_image_src_square":null,"_links":{"self":[{"href":"https:\/\/pedagogiecsstl.ca\/environnement\/wp-json\/wp\/v2\/pages\/140","targetHints":{"allow":["GET"]}}],"collection":[{"href":"https:\/\/pedagogiecsstl.ca\/environnement\/wp-json\/wp\/v2\/pages"}],"about":[{"href":"https:\/\/pedagogiecsstl.ca\/environnement\/wp-json\/wp\/v2\/types\/page"}],"author":[{"embeddable":true,"href":"https:\/\/pedagogiecsstl.ca\/environnement\/wp-json\/wp\/v2\/users\/34"}],"replies":[{"embeddable":true,"href":"https:\/\/pedagogiecsstl.ca\/environnement\/wp-json\/wp\/v2\/comments?post=140"}],"version-history":[{"count":0,"href":"https:\/\/pedagogiecsstl.ca\/environnement\/wp-json\/wp\/v2\/pages\/140\/revisions"}],"wp:attachment":[{"href":"https:\/\/pedagogiecsstl.ca\/environnement\/wp-json\/wp\/v2\/media?parent=140"}],"curies":[{"name":"wp","href":"https:\/\/api.w.org\/{rel}","templated":true}]}}