{"id":123,"date":"2023-06-21T14:01:10","date_gmt":"2023-06-21T14:01:10","guid":{"rendered":"https:\/\/pedagogiecsstl.ca\/francais\/?page_id=123"},"modified":"2025-03-19T19:20:25","modified_gmt":"2025-03-19T19:20:25","slug":"pratiques-et-dispositifs-denseignement-et-devaluation-3","status":"publish","type":"page","link":"https:\/\/pedagogiecsstl.ca\/francaisprimaire\/pratiques-et-dispositifs-denseignement-et-devaluation-3\/","title":{"rendered":"Pratiques et dispositifs d&rsquo;enseignement et d&rsquo;\u00e9valuation"},"content":{"rendered":"\n\n\t<div style=\"width: 640px;\" class=\"wp-video\"><video muted class=\"wp-video-shortcode\" id=\"video-123-1\" width=\"640\" height=\"360\" loop autoplay preload=\"metadata\" controls=\"controls\"><source type=\"video\/mp4\" src=\"https:\/\/pedagogiecsstl.ca\/francais\/wp-content\/uploads\/sites\/10\/2024\/06\/Copie-de-Copie-de-Simple-Email-Marketing-Class-Google-Classroom-Headers-1.mp4?_=1\" \/><source type=\"video\/mp4\" src=\"https:\/\/pedagogiecsstl.ca\/francais\/wp-content\/uploads\/sites\/10\/2024\/06\/Copie-de-Copie-de-Simple-Email-Marketing-Class-Google-Classroom-Headers-1.mp4?_=1\" \/><a href=\"https:\/\/pedagogiecsstl.ca\/francais\/wp-content\/uploads\/sites\/10\/2024\/06\/Copie-de-Copie-de-Simple-Email-Marketing-Class-Google-Classroom-Headers-1.mp4\">https:\/\/pedagogiecsstl.ca\/francais\/wp-content\/uploads\/sites\/10\/2024\/06\/Copie-de-Copie-de-Simple-Email-Marketing-Class-Google-Classroom-Headers-1.mp4<\/a><\/video><\/div>\n\t<p>Veuillez cliquer sur le lien de votre choix pour y acc\u00e9der.<\/p>\n\t\t\t<a href=\"https:\/\/cdn-contenu.quebec.ca\/cdn-contenu\/education\/pfeq\/primaire\/progressions-apprentissages\/PFEQ-progression-apprentissages-francais-langue-enseignement-primaire.pdf\" target=\"_blank\" rel=\"noopener\">\n\t\t\t\t\t\t\tProgression des apprentissages fran\u00e7ais primaire (PDA)\n\t\t\t\t\t<\/a>\n\t\t\t<a href=\"https:\/\/cdn-contenu.quebec.ca\/cdn-contenu\/education\/pfeq\/cadres-evaluation\/primaire\/francais\/PFEQ-cadre-evaluation-francais-langue-enseignement-primaire.pdf\" target=\"_self\">\n\t\t\t\t\t\t\tCadre d&rsquo;\u00e9valuation\n\t\t\t\t\t<\/a>\n\t\t\t<a href=\"https:\/\/www.education.gouv.qc.ca\/fileadmin\/site_web\/documents\/education\/jeunes\/pfeq\/fp-profil-eleve.pdf\" target=\"_self\">\n\t\t\t\t\t\t\tContinuum en lecture (profil de l&rsquo;\u00e9l\u00e8ve)\n\t\t\t\t\t<\/a>\n\t\t\t<a href=\"https:\/\/www.education.gouv.qc.ca\/fileadmin\/site_web\/documents\/education\/jeunes\/pfeq\/fp-dispositions_-interventions.pdf\" target=\"_self\">\n\t\t\t\t\t\t\tContinuum en lecture (interventions et dispositions \u00e0 privil\u00e9gier)\n\t\t\t\t\t<\/a>\n\t\t\t<a href=\"https:\/\/www.education.gouv.qc.ca\/fileadmin\/site_web\/documents\/education\/adaptation-scolaire-services-comp\/Referentiel-Ecriture.pdf\" target=\"_self\">\n\t\t\t\t\t\t\tR\u00e9f\u00e9rentiel en \u00e9criture\n\t\t\t\t\t<\/a>\n\t\t\t<a href=\"https:\/\/www.education.gouv.qc.ca\/references\/tx-solrtyperecherchepublicationtx-solrpublicationnouveaute\/resultats-de-la-recherche\/detail\/article?tx_news_pi1%5Bnews%5D=2304&#038;cHash=65055ab32b9a459d0c8cb32b26704b74\" target=\"_self\">\n\t\t\t\t\t\t\tR\u00e9f\u00e9rentiel en lecture\n\t\t\t\t\t<\/a>\n\t\t\t<a href=\"https:\/\/constellations.education.gouv.qc.ca\/\" target=\"_self\">\n\t\t\t\t\t\t\tConstellations\n\t\t\t\t\t<\/a>\n\t\t\t<a href=\"https:\/\/www.education.gouv.qc.ca\/fileadmin\/site_web\/documents\/dpse\/evaluation\/echellesduprimaire.pdf\" target=\"_self\">\n\t\t\t\t\t\t\t\u00c9chelles de niveaux de comp\u00e9tence\n\t\t\t\t\t<\/a>\n\t\t\t<a href=\"http:\/\/carrefourmonteregie.ca\/\" target=\"_self\">\n\t\t\t\t\t\t\tCarrefour Mont\u00e9r\u00e9gie\n\t\t\t\t\t<\/a>\n\t\t\t<a href=\"http:\/\/carrefourmonteregie.ca\/lecture-ecriture-mathematique-et-anglais-5\/litteratie-18\" target=\"_self\">\n\t\t\t\t\t\t\tCarrefour Mont\u00e9r\u00e9gie (litt\u00e9ratie)\n\t\t\t\t\t<\/a>\n\t\t\t<a href=\"http:\/\/carrefourmonteregie.ca\/lecture-ecriture-mathematique-et-anglais-5\/francais-primaire-16\" target=\"_self\">\n\t\t\t\t\t\t\tCarrefour Mont\u00e9r\u00e9gie (primaire)\n\t\t\t\t\t<\/a>\n\t\t\t<a href=\"https:\/\/usito.usherbrooke.ca\/\" target=\"_blank\" rel=\"noopener\">\n\t\t\t\t\t\t\tUsito\n\t\t\t\t\t<\/a>\n\t\t\t<a href=\"https:\/\/franqus.ca\/liste_orthographique\/outil_de_recherche\/\" target=\"_blank\" rel=\"noopener\">\n\t\t\t\t\t\t\tFranqus\n\t\t\t\t\t<\/a>\n\t\t\t<a href=\"https:\/\/enclasse.telequebec.tv\/recherche?filter=%5B%7B%22key%22%3A%22contentType%22%2C%22value%22%3A%22contentType%3ATrousse%20de%20litt%C3%A9rature%22%7D%5D&#038;topFilter=undefined&#038;page=1\" target=\"_blank\" rel=\"noopener\">\n\t\t\t\t\t\t\tTrousses litt\u00e9raires T\u00e9l\u00e9-Qu\u00e9bec\n\t\t\t\t\t<\/a>\n\t\t\t<a href=\"https:\/\/enseignerlitteraturejeunesse.com\/\" target=\"_blank\" rel=\"noopener\">\n\t\t\t\t\t\t\tJ&rsquo;enseigne avec la litt\u00e9rature jeunesse\n\t\t\t\t\t<\/a>\n\t\t\t<a href=\"https:\/\/atelierecritureprimaire.com\/\" target=\"_blank\" rel=\"noopener\">\n\t\t\t\t\t\t\tLes ateliers d&rsquo;\u00e9criture et de lecture au primaire\n\t\t\t\t\t<\/a>\n\n","protected":false},"excerpt":{"rendered":"<p>Veuillez cliquer sur le lien de votre choix pour y acc\u00e9der. Progression des apprentissages fran\u00e7ais primaire (PDA) Cadre d&rsquo;\u00e9valuation Continuum en lecture (profil de l&rsquo;\u00e9l\u00e8ve) Continuum en lecture (interventions et dispositions \u00e0 privil\u00e9gier) R\u00e9f\u00e9rentiel en \u00e9criture R\u00e9f\u00e9rentiel en lecture Constellations \u00c9chelles de niveaux de comp\u00e9tence Carrefour Mont\u00e9r\u00e9gie Carrefour Mont\u00e9r\u00e9gie (litt\u00e9ratie) Carrefour Mont\u00e9r\u00e9gie (primaire) Usito Franqus&hellip;<\/p>\n","protected":false},"author":9,"featured_media":0,"parent":0,"menu_order":0,"comment_status":"closed","ping_status":"closed","template":"","meta":{"footnotes":""},"class_list":["post-123","page","type-page","status-publish","hentry"],"featured_image_src":null,"featured_image_src_square":null,"_links":{"self":[{"href":"https:\/\/pedagogiecsstl.ca\/francaisprimaire\/wp-json\/wp\/v2\/pages\/123","targetHints":{"allow":["GET"]}}],"collection":[{"href":"https:\/\/pedagogiecsstl.ca\/francaisprimaire\/wp-json\/wp\/v2\/pages"}],"about":[{"href":"https:\/\/pedagogiecsstl.ca\/francaisprimaire\/wp-json\/wp\/v2\/types\/page"}],"author":[{"embeddable":true,"href":"https:\/\/pedagogiecsstl.ca\/francaisprimaire\/wp-json\/wp\/v2\/users\/9"}],"replies":[{"embeddable":true,"href":"https:\/\/pedagogiecsstl.ca\/francaisprimaire\/wp-json\/wp\/v2\/comments?post=123"}],"version-history":[{"count":0,"href":"https:\/\/pedagogiecsstl.ca\/francaisprimaire\/wp-json\/wp\/v2\/pages\/123\/revisions"}],"wp:attachment":[{"href":"https:\/\/pedagogiecsstl.ca\/francaisprimaire\/wp-json\/wp\/v2\/media?parent=123"}],"curies":[{"name":"wp","href":"https:\/\/api.w.org\/{rel}","templated":true}]}}