{"id":247,"date":"2024-06-21T17:38:05","date_gmt":"2024-06-21T17:38:05","guid":{"rendered":"https:\/\/pedagogiecsstl.ca\/francais\/?page_id=247"},"modified":"2024-06-21T17:42:13","modified_gmt":"2024-06-21T17:42:13","slug":"creer-des-courts-metrages","status":"publish","type":"page","link":"https:\/\/pedagogiecsstl.ca\/francaisprimaire\/creer-des-courts-metrages\/","title":{"rendered":"Cr\u00e9er des courts-m\u00e9trages"},"content":{"rendered":"\n\n  <iframe loading=\"lazy\"\n    src=\"https:&#x2F;&#x2F;www.canva.com&#x2F;design&#x2F;DAGImt9ytKE&#x2F;rheNTjrhfGVNCUKrxJkbXQ&#x2F;view?embed\" allowfullscreen=\"allowfullscreen\" allow=\"fullscreen\">\n  <\/iframe>\n<a href=\"https:&#x2F;&#x2F;www.canva.com&#x2F;design&#x2F;DAGImt9ytKE&#x2F;rheNTjrhfGVNCUKrxJkbXQ&#x2F;view?utm_content=DAGImt9ytKE&amp;utm_campaign=designshare&amp;utm_medium=embeds&amp;utm_source=link\" target=\"_blank\" rel=\"noopener\">Cr\u00e9er des courts-m\u00e9trages (fran\u00e7ais)<\/a> par Micha\u00ebl Gr\u00e9goire\n\n","protected":false},"excerpt":{"rendered":"<p>Cr\u00e9er des courts-m\u00e9trages (fran\u00e7ais) par Micha\u00ebl Gr\u00e9goire<\/p>\n","protected":false},"author":4,"featured_media":0,"parent":0,"menu_order":0,"comment_status":"closed","ping_status":"closed","template":"","meta":{"footnotes":""},"class_list":["post-247","page","type-page","status-publish","hentry"],"featured_image_src":null,"featured_image_src_square":null,"_links":{"self":[{"href":"https:\/\/pedagogiecsstl.ca\/francaisprimaire\/wp-json\/wp\/v2\/pages\/247","targetHints":{"allow":["GET"]}}],"collection":[{"href":"https:\/\/pedagogiecsstl.ca\/francaisprimaire\/wp-json\/wp\/v2\/pages"}],"about":[{"href":"https:\/\/pedagogiecsstl.ca\/francaisprimaire\/wp-json\/wp\/v2\/types\/page"}],"author":[{"embeddable":true,"href":"https:\/\/pedagogiecsstl.ca\/francaisprimaire\/wp-json\/wp\/v2\/users\/4"}],"replies":[{"embeddable":true,"href":"https:\/\/pedagogiecsstl.ca\/francaisprimaire\/wp-json\/wp\/v2\/comments?post=247"}],"version-history":[{"count":0,"href":"https:\/\/pedagogiecsstl.ca\/francaisprimaire\/wp-json\/wp\/v2\/pages\/247\/revisions"}],"wp:attachment":[{"href":"https:\/\/pedagogiecsstl.ca\/francaisprimaire\/wp-json\/wp\/v2\/media?parent=247"}],"curies":[{"name":"wp","href":"https:\/\/api.w.org\/{rel}","templated":true}]}}