{"id":248,"date":"2024-06-21T17:38:05","date_gmt":"2024-06-21T17:38:05","guid":{"rendered":"https:\/\/pedagogiecsstl.ca\/francais\/?page_id=248"},"modified":"2024-06-21T17:43:02","modified_gmt":"2024-06-21T17:43:02","slug":"exploiter-la-realite-augmentee","status":"publish","type":"page","link":"https:\/\/pedagogiecsstl.ca\/francaisprimaire\/exploiter-la-realite-augmentee\/","title":{"rendered":"Exploiter la r\u00e9alit\u00e9 augment\u00e9e"},"content":{"rendered":"\n\n  <iframe loading=\"lazy\"\n    src=\"https:&#x2F;&#x2F;www.canva.com&#x2F;design&#x2F;DAGImpAeC78&#x2F;Bn1gALvbXGcW4-9nJh0rvQ&#x2F;view?embed\" allowfullscreen=\"allowfullscreen\" allow=\"fullscreen\">\n  <\/iframe>\n<a href=\"https:&#x2F;&#x2F;www.canva.com&#x2F;design&#x2F;DAGImpAeC78&#x2F;Bn1gALvbXGcW4-9nJh0rvQ&#x2F;view?utm_content=DAGImpAeC78&amp;utm_campaign=designshare&amp;utm_medium=embeds&amp;utm_source=link\" target=\"_blank\" rel=\"noopener\">R\u00e9alit\u00e9 augment\u00e9e (fran\u00e7ais)<\/a> par Micha\u00ebl Gr\u00e9goire\n\n","protected":false},"excerpt":{"rendered":"<p>R\u00e9alit\u00e9 augment\u00e9e (fran\u00e7ais) par Micha\u00ebl Gr\u00e9goire<\/p>\n","protected":false},"author":4,"featured_media":0,"parent":0,"menu_order":0,"comment_status":"closed","ping_status":"closed","template":"","meta":{"footnotes":""},"class_list":["post-248","page","type-page","status-publish","hentry"],"featured_image_src":null,"featured_image_src_square":null,"_links":{"self":[{"href":"https:\/\/pedagogiecsstl.ca\/francaisprimaire\/wp-json\/wp\/v2\/pages\/248","targetHints":{"allow":["GET"]}}],"collection":[{"href":"https:\/\/pedagogiecsstl.ca\/francaisprimaire\/wp-json\/wp\/v2\/pages"}],"about":[{"href":"https:\/\/pedagogiecsstl.ca\/francaisprimaire\/wp-json\/wp\/v2\/types\/page"}],"author":[{"embeddable":true,"href":"https:\/\/pedagogiecsstl.ca\/francaisprimaire\/wp-json\/wp\/v2\/users\/4"}],"replies":[{"embeddable":true,"href":"https:\/\/pedagogiecsstl.ca\/francaisprimaire\/wp-json\/wp\/v2\/comments?post=248"}],"version-history":[{"count":0,"href":"https:\/\/pedagogiecsstl.ca\/francaisprimaire\/wp-json\/wp\/v2\/pages\/248\/revisions"}],"wp:attachment":[{"href":"https:\/\/pedagogiecsstl.ca\/francaisprimaire\/wp-json\/wp\/v2\/media?parent=248"}],"curies":[{"name":"wp","href":"https:\/\/api.w.org\/{rel}","templated":true}]}}