{"id":253,"date":"2024-06-21T17:38:05","date_gmt":"2024-06-21T17:38:05","guid":{"rendered":"https:\/\/pedagogiecsstl.ca\/francais\/?page_id=253"},"modified":"2024-06-21T17:58:42","modified_gmt":"2024-06-21T17:58:42","slug":"pikobuz-ren-projet-decriture","status":"publish","type":"page","link":"https:\/\/pedagogiecsstl.ca\/francaisprimaire\/pikobuz-ren-projet-decriture\/","title":{"rendered":"Pikobuz (REN projet d&rsquo;\u00e9criture)"},"content":{"rendered":"\n\n  <iframe loading=\"lazy\"\n    src=\"https:&#x2F;&#x2F;www.canva.com&#x2F;design&#x2F;DAGImtKOwiQ&#x2F;Mgd2ussIxQXn0eqIr2m9pw&#x2F;view?embed\" allowfullscreen=\"allowfullscreen\" allow=\"fullscreen\">\n  <\/iframe>\n<a href=\"https:&#x2F;&#x2F;www.canva.com&#x2F;design&#x2F;DAGImtKOwiQ&#x2F;Mgd2ussIxQXn0eqIr2m9pw&#x2F;view?utm_content=DAGImtKOwiQ&amp;utm_campaign=designshare&amp;utm_medium=embeds&amp;utm_source=link\" target=\"_blank\" rel=\"noopener\">Pikobuz (fran\u00e7ais)<\/a> par Micha\u00ebl Gr\u00e9goire\n\n","protected":false},"excerpt":{"rendered":"<p>Pikobuz (fran\u00e7ais) par Micha\u00ebl Gr\u00e9goire<\/p>\n","protected":false},"author":4,"featured_media":0,"parent":0,"menu_order":0,"comment_status":"closed","ping_status":"closed","template":"","meta":{"footnotes":""},"class_list":["post-253","page","type-page","status-publish","hentry"],"featured_image_src":null,"featured_image_src_square":null,"_links":{"self":[{"href":"https:\/\/pedagogiecsstl.ca\/francaisprimaire\/wp-json\/wp\/v2\/pages\/253","targetHints":{"allow":["GET"]}}],"collection":[{"href":"https:\/\/pedagogiecsstl.ca\/francaisprimaire\/wp-json\/wp\/v2\/pages"}],"about":[{"href":"https:\/\/pedagogiecsstl.ca\/francaisprimaire\/wp-json\/wp\/v2\/types\/page"}],"author":[{"embeddable":true,"href":"https:\/\/pedagogiecsstl.ca\/francaisprimaire\/wp-json\/wp\/v2\/users\/4"}],"replies":[{"embeddable":true,"href":"https:\/\/pedagogiecsstl.ca\/francaisprimaire\/wp-json\/wp\/v2\/comments?post=253"}],"version-history":[{"count":0,"href":"https:\/\/pedagogiecsstl.ca\/francaisprimaire\/wp-json\/wp\/v2\/pages\/253\/revisions"}],"wp:attachment":[{"href":"https:\/\/pedagogiecsstl.ca\/francaisprimaire\/wp-json\/wp\/v2\/media?parent=253"}],"curies":[{"name":"wp","href":"https:\/\/api.w.org\/{rel}","templated":true}]}}