{"id":275,"date":"2024-07-05T16:44:56","date_gmt":"2024-07-05T16:44:56","guid":{"rendered":"https:\/\/pedagogiecsstl.ca\/francais\/?page_id=275"},"modified":"2024-07-05T18:21:17","modified_gmt":"2024-07-05T18:21:17","slug":"activites-express-recit","status":"publish","type":"page","link":"https:\/\/pedagogiecsstl.ca\/francaisprimaire\/activites-express-recit\/","title":{"rendered":"Activit\u00e9s express (R\u00c9CIT)"},"content":{"rendered":"\n<h2>\n\t\tActivit\u00e9s express et r\u00e9pertoire p\u00e9dagonum\u00e9rique (R\u00c9CIT)\n\t<\/h2>\n\t<p>Voici diverses <strong>activit\u00e9s express<\/strong> d\u00e9velopp\u00e9es par l&rsquo;\u00e9quipe du R\u00c9CIT du domaine des Langues pour soutenir l&rsquo;apprentissage du fran\u00e7ais, langue d&rsquo;enseignement. Vous trouverez des propositions pour le <strong>primaire<\/strong> et le <strong>secondaire<\/strong>.\u00a0Notez qu&rsquo;il est possible que certaines applications sugg\u00e9r\u00e9es dans ces activit\u00e9s ne soient pas autoris\u00e9es dans notre CSS.<\/p>\n<p>Enfin, nous vous invitons aussi \u00e0 visiter le <strong>r\u00e9pertoire p\u00e9dagonum\u00e9rique<\/strong> pour l&rsquo;enseignement et l&rsquo;apprentissage du fran\u00e7ais. La s\u00e9lection d&rsquo;outils propos\u00e9e permet de soutenir toute intention p\u00e9dagogique propre \u00e0 la discipline, assurant du m\u00eame coup une utilisation optimale des technologies.<\/p>\n\t\t\t\t<a href=\"https:\/\/domainelangues.qc.ca\/fr\/ressources-educatives-numeriques\/activites-express\/primaire-173\/\" target=\"_blank\" rel=\"noopener\" itemprop=\"url\">\n\t\t\t\t<img loading=\"lazy\" decoding=\"async\" src=\"https:\/\/pedagogiecsstl.ca\/francais\/wp-content\/uploads\/sites\/10\/2024\/07\/1.png\" alt=\"1\" itemprop=\"image\" height=\"1350\" width=\"2400\" title=\"1\" onerror=\"this.style.display='none'\"  \/>\n\t\t\t\t<\/a>\n\t\t\t\t<a href=\"https:\/\/domainelangues.qc.ca\/fr\/ressources-educatives-numeriques\/activites-express\/secondaire-fga\/\" target=\"_blank\" rel=\"noopener\" itemprop=\"url\">\n\t\t\t\t<img loading=\"lazy\" decoding=\"async\" src=\"https:\/\/pedagogiecsstl.ca\/francais\/wp-content\/uploads\/sites\/10\/2024\/07\/2.png\" alt=\"2\" itemprop=\"image\" height=\"1350\" width=\"2400\" title=\"2\" onerror=\"this.style.display='none'\"  \/>\n\t\t\t\t<\/a>\n\t\t\t\t<a href=\"https:\/\/lookerstudio.google.com\/embed\/reporting\/bb926d99-c028-4906-b6f3-f6e8e8ad18d3\/page\/XOlzB\" target=\"_blank\" rel=\"noopener\" itemprop=\"url\">\n\t\t\t\t<img loading=\"lazy\" decoding=\"async\" src=\"https:\/\/pedagogiecsstl.ca\/francais\/wp-content\/uploads\/sites\/10\/2024\/07\/3.png\" alt=\"3\" itemprop=\"image\" height=\"1350\" width=\"2400\" title=\"3\" onerror=\"this.style.display='none'\"  \/>\n\t\t\t\t<\/a>\n\n","protected":false},"excerpt":{"rendered":"<p>Activit\u00e9s express et r\u00e9pertoire p\u00e9dagonum\u00e9rique (R\u00c9CIT) Voici diverses activit\u00e9s express d\u00e9velopp\u00e9es par l&rsquo;\u00e9quipe du R\u00c9CIT du domaine des Langues pour soutenir l&rsquo;apprentissage du fran\u00e7ais, langue d&rsquo;enseignement. Vous trouverez des propositions pour le primaire et le secondaire.\u00a0Notez qu&rsquo;il est possible que certaines applications sugg\u00e9r\u00e9es dans ces activit\u00e9s ne soient pas autoris\u00e9es dans notre CSS. Enfin, nous&hellip;<\/p>\n","protected":false},"author":4,"featured_media":0,"parent":0,"menu_order":0,"comment_status":"closed","ping_status":"closed","template":"","meta":{"footnotes":""},"class_list":["post-275","page","type-page","status-publish","hentry"],"featured_image_src":null,"featured_image_src_square":null,"_links":{"self":[{"href":"https:\/\/pedagogiecsstl.ca\/francaisprimaire\/wp-json\/wp\/v2\/pages\/275","targetHints":{"allow":["GET"]}}],"collection":[{"href":"https:\/\/pedagogiecsstl.ca\/francaisprimaire\/wp-json\/wp\/v2\/pages"}],"about":[{"href":"https:\/\/pedagogiecsstl.ca\/francaisprimaire\/wp-json\/wp\/v2\/types\/page"}],"author":[{"embeddable":true,"href":"https:\/\/pedagogiecsstl.ca\/francaisprimaire\/wp-json\/wp\/v2\/users\/4"}],"replies":[{"embeddable":true,"href":"https:\/\/pedagogiecsstl.ca\/francaisprimaire\/wp-json\/wp\/v2\/comments?post=275"}],"version-history":[{"count":0,"href":"https:\/\/pedagogiecsstl.ca\/francaisprimaire\/wp-json\/wp\/v2\/pages\/275\/revisions"}],"wp:attachment":[{"href":"https:\/\/pedagogiecsstl.ca\/francaisprimaire\/wp-json\/wp\/v2\/media?parent=275"}],"curies":[{"name":"wp","href":"https:\/\/api.w.org\/{rel}","templated":true}]}}