{"id":33,"date":"2023-06-13T14:21:27","date_gmt":"2023-06-13T14:21:27","guid":{"rendered":"https:\/\/pedagogiecsstl.wpengine.com\/?page_id=33"},"modified":"2025-04-16T18:45:05","modified_gmt":"2025-04-16T18:45:05","slug":"accueil","status":"publish","type":"page","link":"https:\/\/pedagogiecsstl.ca\/francaisprimaire\/","title":{"rendered":"Accueil"},"content":{"rendered":"\n\n\t<meta itemprop=\"url\" content=\"https:\/\/media.pedagogiecsstl.ca\/wp-content\/uploads\/sites\/10\/2024\/06\/04143900\/Bienvenue-sur-la-vitrine-pedagogique-du-francais.mp4\" \/><div style=\"width: 640px;\" class=\"wp-video\"><video muted class=\"wp-video-shortcode\" id=\"video-33-1\" width=\"640\" height=\"360\" loop autoplay preload=\"metadata\" controls=\"controls\"><source type=\"video\/mp4\" src=\"https:\/\/media.pedagogiecsstl.ca\/wp-content\/uploads\/sites\/10\/2024\/06\/04143900\/Bienvenue-sur-la-vitrine-pedagogique-du-francais.mp4?_=1\" \/><source type=\"video\/mp4\" src=\"https:\/\/media.pedagogiecsstl.ca\/wp-content\/uploads\/sites\/10\/2024\/06\/04143900\/Bienvenue-sur-la-vitrine-pedagogique-du-francais.mp4?_=1\" \/><a href=\"https:\/\/media.pedagogiecsstl.ca\/wp-content\/uploads\/sites\/10\/2024\/06\/04143900\/Bienvenue-sur-la-vitrine-pedagogique-du-francais.mp4\">https:\/\/media.pedagogiecsstl.ca\/wp-content\/uploads\/sites\/10\/2024\/06\/04143900\/Bienvenue-sur-la-vitrine-pedagogique-du-francais.mp4<\/a><\/video><\/div>\n<h2>\n\t\tPour nous joindre, veuillez cliquer sur les liens suivants:\n\t<\/h2>\n\t\t\t<a href=\"mailto:%20ariane.brunet@csstl.gouv.qc.ca\" target=\"_self\">\n\t\t\t\t\t\t\tAriane Brunet (conseill\u00e8re p\u00e9dagogique, fran\u00e7ais primaire)\u00a0\n\t\t\t\t\t<\/a>\n\t\t\t<a href=\"mailto:genevieve.boyer@csstl.gouv.qc.ca\" target=\"_self\">\n\t\t\t\t\t\t\tGenevi\u00e8ve Boyer (conseill\u00e8re p\u00e9dagogique, fran\u00e7ais primaire)\n\t\t\t\t\t<\/a>\n\t\t\t<a href=\"mailto:%20genevieve.beaulne@csstl.gouv.qc.ca\" target=\"_self\">\n\t\t\t\t\t\t\tGenevi\u00e8ve Beaulne (conseill\u00e8re p\u00e9dagogique, fran\u00e7ais primaire et secondaire)\u00a0\n\t\t\t\t\t<\/a>\n\t\t\t\t<img loading=\"lazy\" decoding=\"async\" src=\"https:\/\/media.pedagogiecsstl.ca\/wp-content\/uploads\/sites\/10\/2023\/06\/21134210\/Design-sans-titre.png\" alt=\"Design sans titre\" itemprop=\"image\" height=\"1280\" width=\"1920\" title=\"Design sans titre\" onerror=\"this.style.display='none'\"  \/>\n\n","protected":false},"excerpt":{"rendered":"<p>Pour nous joindre, veuillez cliquer sur les liens suivants: Ariane Brunet (conseill\u00e8re p\u00e9dagogique, fran\u00e7ais primaire)\u00a0 Genevi\u00e8ve Boyer (conseill\u00e8re p\u00e9dagogique, fran\u00e7ais primaire) Genevi\u00e8ve Beaulne (conseill\u00e8re p\u00e9dagogique, fran\u00e7ais primaire et secondaire)\u00a0<\/p>\n","protected":false},"author":1,"featured_media":0,"parent":0,"menu_order":0,"comment_status":"closed","ping_status":"closed","template":"","meta":{"footnotes":""},"class_list":["post-33","page","type-page","status-publish","hentry"],"featured_image_src":null,"featured_image_src_square":null,"_links":{"self":[{"href":"https:\/\/pedagogiecsstl.ca\/francaisprimaire\/wp-json\/wp\/v2\/pages\/33","targetHints":{"allow":["GET"]}}],"collection":[{"href":"https:\/\/pedagogiecsstl.ca\/francaisprimaire\/wp-json\/wp\/v2\/pages"}],"about":[{"href":"https:\/\/pedagogiecsstl.ca\/francaisprimaire\/wp-json\/wp\/v2\/types\/page"}],"author":[{"embeddable":true,"href":"https:\/\/pedagogiecsstl.ca\/francaisprimaire\/wp-json\/wp\/v2\/users\/1"}],"replies":[{"embeddable":true,"href":"https:\/\/pedagogiecsstl.ca\/francaisprimaire\/wp-json\/wp\/v2\/comments?post=33"}],"version-history":[{"count":0,"href":"https:\/\/pedagogiecsstl.ca\/francaisprimaire\/wp-json\/wp\/v2\/pages\/33\/revisions"}],"wp:attachment":[{"href":"https:\/\/pedagogiecsstl.ca\/francaisprimaire\/wp-json\/wp\/v2\/media?parent=33"}],"curies":[{"name":"wp","href":"https:\/\/api.w.org\/{rel}","templated":true}]}}