{"id":118,"date":"2023-06-27T13:45:46","date_gmt":"2023-06-27T13:45:46","guid":{"rendered":"https:\/\/pedagogiecsstl.ca\/inclusion\/?page_id=118"},"modified":"2025-06-27T17:47:41","modified_gmt":"2025-06-27T17:47:41","slug":"classes-specialisees","status":"publish","type":"page","link":"https:\/\/pedagogiecsstl.ca\/inclusion\/classes-specialisees\/","title":{"rendered":"Classes sp\u00e9cialis\u00e9es"},"content":{"rendered":"\n\n  \n  \n<a href=\"https:&#x2F;&#x2F;www.canva.com&#x2F;design&#x2F;DAGrYGW5L20&#x2F;I5wY5T0mexbll0NnzMG1KQ&#x2F;view?utm_content=DAGrYGW5L20&amp;utm_campaign=designshare&amp;utm_medium=embeds&amp;utm_source=link\" target=\"_blank\" rel=\"noopener\">Section classe sp\u00e9cialis\u00e9e<\/a> par Genevi\u00e8ve Duguay\n  \n  \n<a href=\"https:&#x2F;&#x2F;www.canva.com&#x2F;design&#x2F;DAGrYZrq1wI&#x2F;1HbEqosmuGbweih5CnmqeQ&#x2F;view?utm_content=DAGrYZrq1wI&amp;utm_campaign=designshare&amp;utm_medium=embeds&amp;utm_source=link\" target=\"_blank\" rel=\"noopener\">Les cheminements scolaires au CSSTL<\/a> par St\u00e9phanie Marcoux\n<h2>\n\t\t\tCheminements et trajectoires\u00a0\t<\/h2>\n<h2>\n\t\t\tComptes-rendus des sous COP\u00a0\t<\/h2>\n  \n  \n<a href=\"https:&#x2F;&#x2F;www.canva.com&#x2F;design&#x2F;DAGrXws6i_w&#x2F;Yd7lwnn4h7SGKa97n9YVCg&#x2F;view?utm_content=DAGrXws6i_w&amp;utm_campaign=designshare&amp;utm_medium=embeds&amp;utm_source=link\" target=\"_blank\" rel=\"noopener\">COP des classes sp\u00e9cialis\u00e9es<\/a> par Andr\u00e9e Anne Perron G\u00e9linas\n\t\t\t\t<a href=\"https:\/\/teams.microsoft.com\/l\/team\/19%3A9f647ccab3b0451e8514d9068ee3544f%40thread.skype\/conversations?groupId=f2562863-9ac2-4ff2-80c9-5b557e31e4ea&#038;tenantId=41cb8ddb-fc73-4894-a931-aa86e5ee1661\" target=\"_blank\" rel=\"noopener\">\n\t\t\t\t<img decoding=\"async\" src=\"https:\/\/media.pedagogiecsstl.ca\/wp-content\/uploads\/sites\/15\/2025\/06\/27143223\/Nouveaux-logos-V2-150x150.jpg\" alt=\"logos microsite - Nouveaux logos\" height=\"150\" width=\"150\" title=\"logos microsite - Nouveaux logos\" loading='lazy' \/>\n\t\t\t\t<\/a>\n\t<p>\u00c9quipe TEAMS des\u00a0<strong>enseignants en classes sp\u00e9cialis\u00e9es<\/strong>\u00a0du CSSTL (primaire et secondaire)<\/p>\n\n","protected":false},"excerpt":{"rendered":"<p>Section classe sp\u00e9cialis\u00e9e par Genevi\u00e8ve Duguay Les cheminements scolaires au CSSTL par St\u00e9phanie Marcoux Cheminements et trajectoires\u00a0 Comptes-rendus des sous COP\u00a0 COP des classes sp\u00e9cialis\u00e9es par Andr\u00e9e Anne Perron G\u00e9linas \u00c9quipe TEAMS des\u00a0enseignants en classes sp\u00e9cialis\u00e9es\u00a0du CSSTL (primaire et secondaire)<\/p>\n","protected":false},"author":19,"featured_media":0,"parent":0,"menu_order":0,"comment_status":"closed","ping_status":"closed","template":"","meta":{"footnotes":""},"class_list":["post-118","page","type-page","status-publish","hentry"],"featured_image_src":null,"featured_image_src_square":null,"_links":{"self":[{"href":"https:\/\/pedagogiecsstl.ca\/inclusion\/wp-json\/wp\/v2\/pages\/118","targetHints":{"allow":["GET"]}}],"collection":[{"href":"https:\/\/pedagogiecsstl.ca\/inclusion\/wp-json\/wp\/v2\/pages"}],"about":[{"href":"https:\/\/pedagogiecsstl.ca\/inclusion\/wp-json\/wp\/v2\/types\/page"}],"author":[{"embeddable":true,"href":"https:\/\/pedagogiecsstl.ca\/inclusion\/wp-json\/wp\/v2\/users\/19"}],"replies":[{"embeddable":true,"href":"https:\/\/pedagogiecsstl.ca\/inclusion\/wp-json\/wp\/v2\/comments?post=118"}],"version-history":[{"count":0,"href":"https:\/\/pedagogiecsstl.ca\/inclusion\/wp-json\/wp\/v2\/pages\/118\/revisions"}],"wp:attachment":[{"href":"https:\/\/pedagogiecsstl.ca\/inclusion\/wp-json\/wp\/v2\/media?parent=118"}],"curies":[{"name":"wp","href":"https:\/\/api.w.org\/{rel}","templated":true}]}}