{"id":110,"date":"2023-10-26T18:25:46","date_gmt":"2023-10-26T18:25:46","guid":{"rendered":"https:\/\/pedagogiecsstl.ca\/numerique\/?page_id=110"},"modified":"2024-06-10T18:48:56","modified_gmt":"2024-06-10T18:48:56","slug":"onenote","status":"publish","type":"page","link":"https:\/\/pedagogiecsstl.ca\/numerique\/onenote\/","title":{"rendered":"OneNote"},"content":{"rendered":"\n<h2>\n\t\tOneNote\n\t<\/h2>\n<h3>\n\t\tPrise en main de OneNote\u00a0\n\t<\/h3>\n\t<p>L&rsquo;intention de cette premi\u00e8re autoformation est d&rsquo;explorer l&rsquo;application OneNote et ses diff\u00e9rentes fonctionnalit\u00e9s pour d\u00e9velopper un usage personnel de l&rsquo;outil.<\/p>\n<p>Cliquez sur l&rsquo;image pour acc\u00e9der \u00e0 l&rsquo;autoformation.<\/p>\n\t\t\t\t<a href=\"https:\/\/micrositesej.my.canva.site\/onenote\" target=\"_blank\" rel=\"noopener\" itemprop=\"url\">\n\t\t\t\t<img loading=\"lazy\" decoding=\"async\" src=\"https:\/\/media.pedagogiecsstl.ca\/wp-content\/uploads\/sites\/24\/2023\/10\/26184244\/onenote2.png\" alt=\"onenote2\" itemprop=\"image\" height=\"614\" width=\"1086\" title=\"onenote2\" onerror=\"this.style.display='none'\"  \/>\n\t\t\t\t<\/a>\n<h3>\n\t\tD\u00e9couvrir le Bloc-Notes de classe\n\t<\/h3>\n\t<p>Cette deuxi\u00e8me autoformation s&rsquo;adresse plut\u00f4t aux enseignant.es et aux orthop\u00e9dagogues qui d\u00e9sirent utiliser le Bloc-Notes de classe avec leurs \u00e9l\u00e8ves.<\/p>\n<p>Cliquez sur l&rsquo;image pour acc\u00e9der \u00e0 l&rsquo;autoformation.<\/p>\n\t\t\t\t<a href=\"https:\/\/micrositesej.my.canva.site\/bloc-notes-de-classe\" target=\"_blank\" rel=\"noopener\" itemprop=\"url\">\n\t\t\t\t<img loading=\"lazy\" decoding=\"async\" src=\"https:\/\/media.pedagogiecsstl.ca\/wp-content\/uploads\/sites\/24\/2023\/10\/26183611\/onenote.png\" alt=\"onenote\" itemprop=\"image\" height=\"608\" width=\"1081\" title=\"onenote\" onerror=\"this.style.display='none'\"  \/>\n\t\t\t\t<\/a>\n\n","protected":false},"excerpt":{"rendered":"<p>OneNote Prise en main de OneNote\u00a0 L&rsquo;intention de cette premi\u00e8re autoformation est d&rsquo;explorer l&rsquo;application OneNote et ses diff\u00e9rentes fonctionnalit\u00e9s pour d\u00e9velopper un usage personnel de l&rsquo;outil. Cliquez sur l&rsquo;image pour acc\u00e9der \u00e0 l&rsquo;autoformation. D\u00e9couvrir le Bloc-Notes de classe Cette deuxi\u00e8me autoformation s&rsquo;adresse plut\u00f4t aux enseignant.es et aux orthop\u00e9dagogues qui d\u00e9sirent utiliser le Bloc-Notes de classe&hellip;<\/p>\n","protected":false},"author":3,"featured_media":0,"parent":0,"menu_order":0,"comment_status":"closed","ping_status":"closed","template":"","meta":{"footnotes":""},"class_list":["post-110","page","type-page","status-publish","hentry"],"featured_image_src":null,"featured_image_src_square":null,"_links":{"self":[{"href":"https:\/\/pedagogiecsstl.ca\/numerique\/wp-json\/wp\/v2\/pages\/110","targetHints":{"allow":["GET"]}}],"collection":[{"href":"https:\/\/pedagogiecsstl.ca\/numerique\/wp-json\/wp\/v2\/pages"}],"about":[{"href":"https:\/\/pedagogiecsstl.ca\/numerique\/wp-json\/wp\/v2\/types\/page"}],"author":[{"embeddable":true,"href":"https:\/\/pedagogiecsstl.ca\/numerique\/wp-json\/wp\/v2\/users\/3"}],"replies":[{"embeddable":true,"href":"https:\/\/pedagogiecsstl.ca\/numerique\/wp-json\/wp\/v2\/comments?post=110"}],"version-history":[{"count":0,"href":"https:\/\/pedagogiecsstl.ca\/numerique\/wp-json\/wp\/v2\/pages\/110\/revisions"}],"wp:attachment":[{"href":"https:\/\/pedagogiecsstl.ca\/numerique\/wp-json\/wp\/v2\/media?parent=110"}],"curies":[{"name":"wp","href":"https:\/\/api.w.org\/{rel}","templated":true}]}}