{"id":114,"date":"2023-10-26T19:10:25","date_gmt":"2023-10-26T19:10:25","guid":{"rendered":"https:\/\/pedagogiecsstl.ca\/numerique\/?page_id=114"},"modified":"2024-11-01T17:41:56","modified_gmt":"2024-11-01T17:41:56","slug":"microsoft","status":"publish","type":"page","link":"https:\/\/pedagogiecsstl.ca\/numerique\/microsoft\/","title":{"rendered":"Microsoft"},"content":{"rendered":"\n<h1>\n\t\tMicrosoft 365\n\t<\/h1>\n<h2>\n\t\tPr\u00e9sentation des diff\u00e9rents outils Microsoft utilis\u00e9s au CSSTL\n\t<\/h2>\n\t\t\t\t<a href=\"https:\/\/micrositesej.my.canva.site\/bookings-rencontres-de-parents\" target=\"_blank\" rel=\"noopener\" itemprop=\"url\">\n\t\t\t\t<img loading=\"lazy\" decoding=\"async\" src=\"https:\/\/media.pedagogiecsstl.ca\/wp-content\/uploads\/sites\/24\/2024\/09\/18142255\/bookings-logo.png\" alt=\"bookings logo\" itemprop=\"image\" height=\"400\" width=\"600\" title=\"bookings logo\" onerror=\"this.style.display='none'\"  \/>\n\t\t\t\t<\/a>\n<h2>\n\t\t<a href=\"https:\/\/micrositesej.my.canva.site\/bookings-rencontres-de-parents\" title=\"Bookings\" target=\"_blank\" rel=\"noopener\">\n\t\tBookings\n\t\t<\/a>\n\t<\/h2>\n\t\t\t\t<a href=\"https:\/\/pedagogiecsstl.ca\/numerique\/onenote\/\" target=\"_self\" itemprop=\"url\" rel=\"noopener\">\n\t\t\t\t<img loading=\"lazy\" decoding=\"async\" src=\"https:\/\/media.pedagogiecsstl.ca\/wp-content\/uploads\/sites\/24\/2024\/09\/18142316\/OneNote-logo.png\" alt=\"OneNote logo\" itemprop=\"image\" height=\"400\" width=\"600\" title=\"OneNote logo\" onerror=\"this.style.display='none'\"  \/>\n\t\t\t\t<\/a>\n<h2>\n\t\t<a href=\"https:\/\/pedagogiecsstl.ca\/numerique\/onenote\/\" title=\"OneNote\" target=\"_self\" rel=\"noopener\">\n\t\tOneNote\n\t\t<\/a>\n\t<\/h2>\n\t\t\t\t<a href=\"https:\/\/pedagogiecsstl.ca\/numerique\/teams\/\" target=\"_self\" itemprop=\"url\" rel=\"noopener\">\n\t\t\t\t<img loading=\"lazy\" decoding=\"async\" src=\"https:\/\/media.pedagogiecsstl.ca\/wp-content\/uploads\/sites\/24\/2024\/09\/18142331\/teams-logo.png\" alt=\"teams logo\" itemprop=\"image\" height=\"400\" width=\"600\" title=\"teams logo\" onerror=\"this.style.display='none'\"  \/>\n\t\t\t\t<\/a>\n<h2>\n\t\t<a href=\"https:\/\/pedagogiecsstl.ca\/numerique\/teams\/\" title=\"Teams\" target=\"_self\" rel=\"noopener\">\n\t\tTeams\n\t\t<\/a>\n\t<\/h2>\n\t\t\t\t<img loading=\"lazy\" decoding=\"async\" src=\"https:\/\/media.pedagogiecsstl.ca\/wp-content\/uploads\/sites\/24\/2024\/09\/18143339\/outlook-construction.png\" alt=\"outlook construction\" itemprop=\"image\" height=\"400\" width=\"600\" title=\"outlook construction\" onerror=\"this.style.display='none'\"  \/>\n<h2>\n\t\tOutlook\n\t<\/h2>\n\n\n","protected":false},"excerpt":{"rendered":"<p>Microsoft 365 Pr\u00e9sentation des diff\u00e9rents outils Microsoft utilis\u00e9s au CSSTL Bookings OneNote Teams Outlook<\/p>\n","protected":false},"author":3,"featured_media":0,"parent":0,"menu_order":0,"comment_status":"closed","ping_status":"closed","template":"","meta":{"footnotes":""},"class_list":["post-114","page","type-page","status-publish","hentry"],"featured_image_src":null,"featured_image_src_square":null,"_links":{"self":[{"href":"https:\/\/pedagogiecsstl.ca\/numerique\/wp-json\/wp\/v2\/pages\/114","targetHints":{"allow":["GET"]}}],"collection":[{"href":"https:\/\/pedagogiecsstl.ca\/numerique\/wp-json\/wp\/v2\/pages"}],"about":[{"href":"https:\/\/pedagogiecsstl.ca\/numerique\/wp-json\/wp\/v2\/types\/page"}],"author":[{"embeddable":true,"href":"https:\/\/pedagogiecsstl.ca\/numerique\/wp-json\/wp\/v2\/users\/3"}],"replies":[{"embeddable":true,"href":"https:\/\/pedagogiecsstl.ca\/numerique\/wp-json\/wp\/v2\/comments?post=114"}],"version-history":[{"count":0,"href":"https:\/\/pedagogiecsstl.ca\/numerique\/wp-json\/wp\/v2\/pages\/114\/revisions"}],"wp:attachment":[{"href":"https:\/\/pedagogiecsstl.ca\/numerique\/wp-json\/wp\/v2\/media?parent=114"}],"curies":[{"name":"wp","href":"https:\/\/api.w.org\/{rel}","templated":true}]}}