{"id":33,"date":"2023-06-13T14:21:27","date_gmt":"2023-06-13T14:21:27","guid":{"rendered":"https:\/\/pedagogiecsstl.wpengine.com\/?page_id=33"},"modified":"2024-10-16T12:19:31","modified_gmt":"2024-10-16T12:19:31","slug":"accueil","status":"publish","type":"page","link":"https:\/\/pedagogiecsstl.ca\/numerique\/","title":{"rendered":"Accueil"},"content":{"rendered":"\n<h2>\n\t\tSite du R\u00c9CIT local du Centre de services scolaire des Trois-Lacs\n\t<\/h2>\n\t<p>Bienvenue sur notre site P\u00e9dagonum\u00e9rique, notre plateforme vous propose des ressources pour favoriser l&rsquo;int\u00e9gration et la mobilisation du num\u00e9rique en classe. Vous y trouverez des informations, des astuces et des guides pour exploiter au mieux les outils num\u00e9riques.<\/p>\n<h2>\n\t\tNotre mandat\n\t<\/h2>\n\t<meta itemprop=\"url\" content=\"https:\/\/media.pedagogiecsstl.ca\/wp-content\/uploads\/sites\/24\/2024\/09\/19185555\/Former-Accompagner-Conseiller-Innover-au-numerique-en-education.mp4\" \/><div style=\"width: 640px;\" class=\"wp-video\"><video muted class=\"wp-video-shortcode\" id=\"video-33-1\" width=\"640\" height=\"360\" loop autoplay preload=\"metadata\" controls=\"controls\"><source type=\"video\/mp4\" src=\"https:\/\/media.pedagogiecsstl.ca\/wp-content\/uploads\/sites\/24\/2024\/09\/19185555\/Former-Accompagner-Conseiller-Innover-au-numerique-en-education.mp4?_=1\" \/><a href=\"https:\/\/media.pedagogiecsstl.ca\/wp-content\/uploads\/sites\/24\/2024\/09\/19185555\/Former-Accompagner-Conseiller-Innover-au-numerique-en-education.mp4\">https:\/\/media.pedagogiecsstl.ca\/wp-content\/uploads\/sites\/24\/2024\/09\/19185555\/Former-Accompagner-Conseiller-Innover-au-numerique-en-education.mp4<\/a><\/video><\/div>\n<h2>\n\t\tNos conseillers(\u00e8res) p\u00e9dagogiques R\u00c9CIT\n\t<\/h2>\n\t<strong>Kristine Trottier-Boucher<\/strong><br \/>\nkristine.trottier-boucher@csstl.gouv.qc.ca<br \/>\n514.477.7000 poste 1353<br \/>\nConseill\u00e8re p\u00e9dagogique au service local du R\u00c9CIT\n\t<b>Elizabeth Proulx<br \/>\n<\/b>elizabeth.proulx@csstl.gouv.qc.ca<br \/>\n514.477.7000 poste 1359<br \/>\nConseill\u00e8re p\u00e9dagogique au service local du R\u00c9CIT\n\t<b>Michael Gr\u00e9goire<br \/>\n<\/b>mgregoire@csstl.gouv.qc.ca<br \/>\nConseiller p\u00e9dagogique en fran\u00e7ais au secondaire et conseiller p\u00e9dagogique au service local du R\u00c9CIT\n\t<b>St\u00e9phanie Marcoux<br \/>\n<\/b>stephanie.marcoux@csstl.gouv.qc.ca<br \/>\nConseill\u00e8re p\u00e9dagogique en inclusion et diff\u00e9rentiation p\u00e9dagogique et conseill\u00e8re p\u00e9dagogique\u00a0au service local du R\u00c9CIT\n\t<iframe loading=\"lazy\" width=\"640px\" height=\"480px\" src=\"https:\/\/forms.office.com\/Pages\/ResponsePage.aspx?id=243LQXP8lEipMaqG5e4WYR1qssaGC_FCgvLIDgAJV1JUNVhWMzBRTzQySFdWNDhDNTJNVE9KRjU3SC4u&#038;embed=true\" frameborder=\"0\" marginwidth=\"0\" marginheight=\"0\" allowfullscreen webkitallowfullscreen mozallowfullscreen msallowfullscreen> <\/iframe>\n<h2>\n\t\tNotre client\u00e8le proritaire\n\t<\/h2>\n\t<p>Enseignants du secteur jeunes (primaire et secondaire)<\/p>\n<h2>\n\t\tMat\u00e9riel \u00e0 emprunter\n\t<\/h2>\n\t<p>\u00c0 venir.<\/p>\n\n","protected":false},"excerpt":{"rendered":"<p>Site du R\u00c9CIT local du Centre de services scolaire des Trois-Lacs Bienvenue sur notre site P\u00e9dagonum\u00e9rique, notre plateforme vous propose des ressources pour favoriser l&rsquo;int\u00e9gration et la mobilisation du num\u00e9rique en classe. Vous y trouverez des informations, des astuces et des guides pour exploiter au mieux les outils num\u00e9riques. Notre mandat Nos conseillers(\u00e8res) p\u00e9dagogiques R\u00c9CIT&hellip;<\/p>\n","protected":false},"author":1,"featured_media":0,"parent":0,"menu_order":0,"comment_status":"closed","ping_status":"closed","template":"","meta":{"footnotes":""},"class_list":["post-33","page","type-page","status-publish","hentry"],"featured_image_src":null,"featured_image_src_square":null,"_links":{"self":[{"href":"https:\/\/pedagogiecsstl.ca\/numerique\/wp-json\/wp\/v2\/pages\/33","targetHints":{"allow":["GET"]}}],"collection":[{"href":"https:\/\/pedagogiecsstl.ca\/numerique\/wp-json\/wp\/v2\/pages"}],"about":[{"href":"https:\/\/pedagogiecsstl.ca\/numerique\/wp-json\/wp\/v2\/types\/page"}],"author":[{"embeddable":true,"href":"https:\/\/pedagogiecsstl.ca\/numerique\/wp-json\/wp\/v2\/users\/1"}],"replies":[{"embeddable":true,"href":"https:\/\/pedagogiecsstl.ca\/numerique\/wp-json\/wp\/v2\/comments?post=33"}],"version-history":[{"count":0,"href":"https:\/\/pedagogiecsstl.ca\/numerique\/wp-json\/wp\/v2\/pages\/33\/revisions"}],"wp:attachment":[{"href":"https:\/\/pedagogiecsstl.ca\/numerique\/wp-json\/wp\/v2\/media?parent=33"}],"curies":[{"name":"wp","href":"https:\/\/api.w.org\/{rel}","templated":true}]}}