{"id":127,"date":"2023-08-02T16:15:05","date_gmt":"2023-08-02T16:15:05","guid":{"rendered":"https:\/\/pedagogiecsstl.ca\/science\/?page_id=127"},"modified":"2025-10-27T19:19:01","modified_gmt":"2025-10-27T19:19:01","slug":"2e-cycle","status":"publish","type":"page","link":"https:\/\/pedagogiecsstl.ca\/science\/2e-cycle\/","title":{"rendered":"2e cycle"},"content":{"rendered":"\n\n  \n  \n<a href=\"https:&#x2F;&#x2F;www.canva.com&#x2F;design&#x2F;DAG3AjsWi0A&#x2F;7iyGQJj2vi7HMRWsf9SCig&#x2F;view?utm_content=DAG3AjsWi0A&amp;utm_campaign=designshare&amp;utm_medium=embeds&amp;utm_source=link\" target=\"_blank\" rel=\"noopener\">p3 Original &#8211; Trousses de science<\/a> par Emilie Gagn\u00e9\n  \n  \n<a href=\"https:&#x2F;&#x2F;www.canva.com&#x2F;design&#x2F;DAG3A04Qpgg&#x2F;bbhKTwHRiwNdEniB_7IAUw&#x2F;view?utm_content=DAG3A04Qpgg&amp;utm_campaign=designshare&amp;utm_medium=embeds&amp;utm_source=link\" target=\"_blank\" rel=\"noopener\">p4 Original &#8211; Trousses de science<\/a> par Emilie Gagn\u00e9\n  \n  \n<a href=\"https:&#x2F;&#x2F;www.canva.com&#x2F;design&#x2F;DAG3Asudp9E&#x2F;PdLslnv2A3-J_mUDQiVeuA&#x2F;view?utm_content=DAG3Asudp9E&amp;utm_campaign=designshare&amp;utm_medium=embeds&amp;utm_source=link\" target=\"_blank\" rel=\"noopener\">p5 Original &#8211; Trousses de science<\/a> par Emilie Gagn\u00e9\n\n","protected":false},"excerpt":{"rendered":"<p>p3 Original &#8211; Trousses de science par Emilie Gagn\u00e9 p4 Original &#8211; Trousses de science par Emilie Gagn\u00e9 p5 Original &#8211; Trousses de science par Emilie Gagn\u00e9<\/p>\n","protected":false},"author":23,"featured_media":0,"parent":0,"menu_order":0,"comment_status":"closed","ping_status":"closed","template":"","meta":{"footnotes":""},"class_list":["post-127","page","type-page","status-publish","hentry"],"featured_image_src":null,"featured_image_src_square":null,"_links":{"self":[{"href":"https:\/\/pedagogiecsstl.ca\/science\/wp-json\/wp\/v2\/pages\/127","targetHints":{"allow":["GET"]}}],"collection":[{"href":"https:\/\/pedagogiecsstl.ca\/science\/wp-json\/wp\/v2\/pages"}],"about":[{"href":"https:\/\/pedagogiecsstl.ca\/science\/wp-json\/wp\/v2\/types\/page"}],"author":[{"embeddable":true,"href":"https:\/\/pedagogiecsstl.ca\/science\/wp-json\/wp\/v2\/users\/23"}],"replies":[{"embeddable":true,"href":"https:\/\/pedagogiecsstl.ca\/science\/wp-json\/wp\/v2\/comments?post=127"}],"version-history":[{"count":0,"href":"https:\/\/pedagogiecsstl.ca\/science\/wp-json\/wp\/v2\/pages\/127\/revisions"}],"wp:attachment":[{"href":"https:\/\/pedagogiecsstl.ca\/science\/wp-json\/wp\/v2\/media?parent=127"}],"curies":[{"name":"wp","href":"https:\/\/api.w.org\/{rel}","templated":true}]}}