{"id":33,"date":"2023-06-13T14:21:27","date_gmt":"2023-06-13T14:21:27","guid":{"rendered":"https:\/\/pedagogiecsstl.wpengine.com\/?page_id=33"},"modified":"2026-01-28T14:24:11","modified_gmt":"2026-01-28T14:24:11","slug":"accueil","status":"publish","type":"page","link":"https:\/\/pedagogiecsstl.ca\/socioemotionnel\/","title":{"rendered":"Accueil"},"content":{"rendered":"\n<figure itemscope itemtype=\"https:\/\/schema.org\/ImageObject\">\n\t\t\t\t<img decoding=\"async\" src=\"https:\/\/media.pedagogiecsstl.ca\/wp-content\/uploads\/sites\/23\/2023\/12\/06212231\/Banderole_CSE.png\" alt=\"Banderole_CS\u00c9\" height=\"360\" width=\"2200\" title=\"Banderole_CS\u00c9\" onerror=\"this.style.display='none'\" loading=\"lazy\" \/>\n\t<\/figure>\n\t<p>&nbsp;<\/p>\n<p>La recherche d\u00e9montre que lorsque les \u00e9l\u00e9ments cl\u00e9s des comp\u00e9tences socio\u00e9motionnelles (CS\u00c9) sont enseign\u00e9s, pratiqu\u00e9s et mis en \u0153uvre \u00e0 l&rsquo;\u00e9cole, ils deviennent des outils puissants et efficaces pour\u202fla r\u00e9ussite \u00e9ducative, pour\u202fpr\u00e9venir la violence, l&rsquo;intimidation\u202fainsi que\u202fpour r\u00e9soudre des conflits. Ces apprentissages soutiennent par le fait m\u00eame le maintien d&rsquo;une sant\u00e9 mentale positive et d&rsquo;un climat scolaire pacifique.<\/p>\n<p>Si des habilet\u00e9s pr\u00e9cises sont \u00e0 d\u00e9velopper dans chacun des domaines de comp\u00e9tences, <a href=\"https:\/\/casel.org\/fundamentals-of-sel\/what-is-the-casel-framework\/\" target=\"_blank\" rel=\"noopener\">CASEL<\/a> pr\u00e9cise qu&rsquo;elles sont toutes interreli\u00e9es les unes aux autres. Ainsi, il est important de d\u00e9velopper des comp\u00e9tences de nature intrapersonnelle (conscience de soi et autor\u00e9gulation), afin de pouvoir comprendre les autres, \u00e9tablir et maintenir de bonnes relations interpersonnelles (comp\u00e9tences sociales et habilet\u00e9s relationnelles) et prendre des d\u00e9cisions \u00e9clair\u00e9es sans se laisser envahir par ses \u00e9motions. (Cadre de r\u00e9f\u00e9rence CS\u00c9 CSSTL, 2021 et comp\u00e9tences vedettes).<\/p>\n<p>Au Centre de services scolaire des Trois-Lacs, nous retrouvons, dans le plan d&rsquo;engagement vers la r\u00e9ussite <a href=\"https:\/\/drive.google.com\/file\/d\/1zPOEWaIe1UJCdquThmeW9lCVaN2zJ6jX\/view?usp=drive_link\" target=\"_blank\" rel=\"noopener\"><strong>PEVR 2023-2027<\/strong><\/a>, plusieurs \u00e9l\u00e9ments li\u00e9s aux CS\u00c9, dont voici des extraits:<\/p>\n<figure itemscope itemtype=\"https:\/\/schema.org\/ImageObject\">\n\t\t\t\t<img decoding=\"async\" src=\"https:\/\/media.pedagogiecsstl.ca\/wp-content\/uploads\/sites\/23\/2026\/01\/28142358\/CSE-intro.jpg\" alt=\"CS\u00c9 intro\" height=\"390\" width=\"685\" title=\"CS\u00c9 intro\" onerror=\"this.style.display='none'\" loading=\"lazy\" \/>\n\t<\/figure>\n<figure itemscope itemtype=\"https:\/\/schema.org\/ImageObject\">\n\t\t\t\t<img decoding=\"async\" src=\"https:\/\/media.pedagogiecsstl.ca\/wp-content\/uploads\/sites\/23\/2024\/06\/17175340\/ASE_train.png\" alt=\"AS\u00c9_train\" height=\"400\" width=\"768\" title=\"AS\u00c9_train\" onerror=\"this.style.display='none'\" loading=\"lazy\" \/>\n\t<\/figure>\n<figure itemscope itemtype=\"https:\/\/schema.org\/ImageObject\">\n\t\t\t\t<img decoding=\"async\" src=\"https:\/\/pedagogiecsstl.ca\/socioemotionnel\/wp-content\/plugins\/bb-plugin\/img\/pixel.png\" alt=\"\" onerror=\"this.style.display='none'\" loading=\"lazy\" \/>\n\t<\/figure>\n<h2>\n\t\t\tPr\u00e9sentation du site\t<\/h2>\n  <iframe loading=\"lazy\"\n    src=\"https:\/\/www.canva.com\/design\/DAGUgmOOlAQ\/YWn95wxk2jsc0mBv6HrzSw\/watch?embed\" allowfullscreen=\"allowfullscreen\" allow=\"fullscreen\">\n  <\/iframe>\n<a href=\"https:&#x2F;&#x2F;www.canva.com&#x2F;design&#x2F;DAGUgmOOlAQ&#x2F;YWn95wxk2jsc0mBv6HrzSw&#x2F;watch?utm_content=DAGUgmOOlAQ&amp;utm_campaign=designshare&amp;utm_medium=embeds&amp;utm_source=link\" target=\"_blank\" rel=\"noopener\">Pr\u00e9sentation CSE vitrine p\u00e9dagogique (Vid\u00e9o)<\/a> par Elizabeth Proulx\n\t<p><strong>Extraits du PLAN D&rsquo;ENGAGEMENT VERS LA R\u00c9USSITE DU CSSTL 2023-2027<\/strong><\/p>\n\t<p>En lien avec LES COMP\u00c9TENCES SOCIO\u00c9MOTIONNELLES<\/p>\n<figure itemscope itemtype=\"https:\/\/schema.org\/ImageObject\">\n\t\t\t\t<img decoding=\"async\" src=\"https:\/\/media.pedagogiecsstl.ca\/wp-content\/uploads\/sites\/23\/2023\/12\/06155436\/Enjeux-PEVR2.png\" alt=\"Enjeux PEVR2\" height=\"785\" width=\"1013\" title=\"Enjeux PEVR2\" onerror=\"this.style.display='none'\" loading=\"lazy\" \/>\n\t<\/figure>\n<figure itemscope itemtype=\"https:\/\/schema.org\/ImageObject\">\n\t\t\t\t<img decoding=\"async\" src=\"https:\/\/media.pedagogiecsstl.ca\/wp-content\/uploads\/sites\/23\/2023\/12\/06155634\/conscience4.png\" alt=\"conscience4\" height=\"785\" width=\"1014\" title=\"conscience4\" onerror=\"this.style.display='none'\" loading=\"lazy\" \/>\n\t<\/figure>\n<figure itemscope itemtype=\"https:\/\/schema.org\/ImageObject\">\n\t\t\t\t<img decoding=\"async\" src=\"https:\/\/media.pedagogiecsstl.ca\/wp-content\/uploads\/sites\/23\/2023\/12\/06155804\/orientation2.png\" alt=\"orientation2\" height=\"786\" width=\"1013\" title=\"orientation2\" onerror=\"this.style.display='none'\" loading=\"lazy\" \/>\n\t<\/figure>\n  <iframe loading=\"lazy\"\n    src=\"https:\/\/www.canva.com\/design\/DAGS66JPRnw\/phVC7mkD5zTBtLo2SluZeA\/view?embed\" allowfullscreen=\"allowfullscreen\" allow=\"fullscreen\">\n  <\/iframe>\n<a href=\"https:&#x2F;&#x2F;www.canva.com&#x2F;design&#x2F;DAGS66JPRnw&#x2F;phVC7mkD5zTBtLo2SluZeA&#x2F;view?utm_content=DAGS66JPRnw&amp;utm_campaign=designshare&amp;utm_medium=embeds&amp;utm_source=link\" target=\"_blank\" rel=\"noopener\">Ensemble cultivons les CS\u00c9<\/a> par Julie Poirier, Genevi\u00e8ve Fournier et Marie-Jos\u00e9e Simard\n  <iframe loading=\"lazy\"\n    src=\"https:&#x2F;&#x2F;www.canva.com&#x2F;design&#x2F;DAGELMwH4Fs&#x2F;ve9lTQ8h9e7l6LjSEw_Kdw&#x2F;view?embed\" allowfullscreen=\"allowfullscreen\" allow=\"fullscreen\">\n  <\/iframe>\n<a href=\"https:&#x2F;&#x2F;www.canva.com&#x2F;design&#x2F;DAGELMwH4Fs&#x2F;ve9lTQ8h9e7l6LjSEw_Kdw&#x2F;view?utm_content=DAGELMwH4Fs&amp;utm_campaign=designshare&amp;utm_medium=embeds&amp;utm_source=link\" target=\"_blank\" rel=\"noopener\">Plan TRIENNAL CS\u00c9 2024-2027<\/a> par Julie poirier\n\t  <iframe loading=\"lazy\"    src=\"https:\/\/www.canva.com\/design\/DAGipmQy7P0\/7qxKk4UdeZmgybvy4xq4nA\/view?embed\" allowfullscreen=\"allowfullscreen\" allow=\"fullscreen\">  <\/iframe><a href=\"https:&#x2F;&#x2F;www.canva.com&#x2F;design&#x2F;DAGipmQy7P0&#x2F;7qxKk4UdeZmgybvy4xq4nA&#x2F;view?utm_content=DAGipmQy7P0&amp;utm_campaign=designshare&amp;utm_medium=embeds&amp;utm_source=link\" target=\"_blank\" rel=\"noopener\">CS\u00c9_infographie_CSSTL<\/a> par Marie-Jos\u00e9e Simard\n\n","protected":false},"excerpt":{"rendered":"<p>&nbsp; La recherche d\u00e9montre que lorsque les \u00e9l\u00e9ments cl\u00e9s des comp\u00e9tences socio\u00e9motionnelles (CS\u00c9) sont enseign\u00e9s, pratiqu\u00e9s et mis en \u0153uvre \u00e0 l&rsquo;\u00e9cole, ils deviennent des outils puissants et efficaces pour\u202fla r\u00e9ussite \u00e9ducative, pour\u202fpr\u00e9venir la violence, l&rsquo;intimidation\u202fainsi que\u202fpour r\u00e9soudre des conflits. Ces apprentissages soutiennent par le fait m\u00eame le maintien d&rsquo;une sant\u00e9 mentale positive et d&rsquo;un&hellip;<\/p>\n","protected":false},"author":1,"featured_media":0,"parent":0,"menu_order":0,"comment_status":"closed","ping_status":"closed","template":"","meta":{"footnotes":""},"class_list":["post-33","page","type-page","status-publish","hentry"],"featured_image_src":null,"featured_image_src_square":null,"_links":{"self":[{"href":"https:\/\/pedagogiecsstl.ca\/socioemotionnel\/wp-json\/wp\/v2\/pages\/33","targetHints":{"allow":["GET"]}}],"collection":[{"href":"https:\/\/pedagogiecsstl.ca\/socioemotionnel\/wp-json\/wp\/v2\/pages"}],"about":[{"href":"https:\/\/pedagogiecsstl.ca\/socioemotionnel\/wp-json\/wp\/v2\/types\/page"}],"author":[{"embeddable":true,"href":"https:\/\/pedagogiecsstl.ca\/socioemotionnel\/wp-json\/wp\/v2\/users\/1"}],"replies":[{"embeddable":true,"href":"https:\/\/pedagogiecsstl.ca\/socioemotionnel\/wp-json\/wp\/v2\/comments?post=33"}],"version-history":[{"count":0,"href":"https:\/\/pedagogiecsstl.ca\/socioemotionnel\/wp-json\/wp\/v2\/pages\/33\/revisions"}],"wp:attachment":[{"href":"https:\/\/pedagogiecsstl.ca\/socioemotionnel\/wp-json\/wp\/v2\/media?parent=33"}],"curies":[{"name":"wp","href":"https:\/\/api.w.org\/{rel}","templated":true}]}}